{"id":4783,"date":"2025-04-21T08:05:06","date_gmt":"2025-04-21T08:05:06","guid":{"rendered":"https:\/\/geelyracks.com\/?post_type=product&#038;p=4783"},"modified":"2025-05-11T04:07:57","modified_gmt":"2025-05-11T04:07:57","slug":"scaffalature-per-magazzini-pesanti-2000kg","status":"publish","type":"product","link":"https:\/\/geelyracks.com\/it\/prodotto\/scaffalature-per-magazzini-pesanti-2000kg\/","title":{"rendered":"Premium Heavy Duty Warehouse Racking | Custom-Built Steel Pallet Rack 2000 kg di capacit\u00e0"},"content":{"rendered":"<table>\n<thead>\n<tr>\n<th>Categoria di attributo<\/th>\n<th>Caratteristiche dettagliate<\/th>\n<\/tr>\n<\/thead>\n<tbody>\n<tr>\n<td>\u200b<strong>Attributi principali<\/strong>\u200b<\/td>\n<td>Materiale: Acciaio<\/td>\n<\/tr>\n<tr>\n<td><\/td>\n<td>Caratteristiche: Anticorrosione, resistente alla ruggine<\/td>\n<\/tr>\n<tr>\n<td><\/td>\n<td>Tipo: Scaffale per pallet regolabile, scaffale per travi<\/td>\n<\/tr>\n<tr>\n<td>\u200b<strong>Opzioni di personalizzazione<\/strong>\u200b<\/td>\n<td>Altezza, dimensioni, colore<\/td>\n<\/tr>\n<tr>\n<td>\u200b<strong>Parametri tecnici<\/strong>\u200b<\/td>\n<td>Capacit\u00e0 di carico: 500-2000 kg<\/td>\n<\/tr>\n<tr>\n<td><\/td>\n<td>Tempo di consegna: 15-30 giorni<\/td>\n<\/tr>\n<tr>\n<td><\/td>\n<td>Compatibilit\u00e0 di riempimento: Cartoni<\/td>\n<\/tr>\n<tr>\n<td>\u200b<strong>Marca e modello<\/strong>\u200b<\/td>\n<td>Marchio: Geelyracks<\/td>\n<\/tr>\n<tr>\n<td><\/td>\n<td>Modello: M-DRS001<\/td>\n<\/tr>\n<tr>\n<td>\u200b<strong>Imballaggio e spedizione<\/strong>\u200b<\/td>\n<td>Dimensione del singolo articolo: 2000\u00d7600\u00d72000 cm<\/td>\n<\/tr>\n<tr>\n<td><\/td>\n<td>Peso lordo: 30.000 kg<\/td>\n<\/tr>\n<tr>\n<td><\/td>\n<td>Unit\u00e0 di vendita: Articolo singolo<\/td>\n<\/tr>\n<\/tbody>\n<\/table>\n<figure id=\"attachment_4807\" aria-describedby=\"caption-attachment-4807\" style=\"width: 493px\" class=\"wp-caption alignnone\"><img loading=\"lazy\" decoding=\"async\" class=\"wp-image-4807\" src=\"https:\/\/geelyracks.com\/wp-content\/uploads\/2025\/04\/Heavy-Duty-Warehouse-Racking-Customizable-Steel-Pallet-Rack-System-1024x768.jpg\" alt=\"Scaffalature per magazzini per impieghi gravosi - Sistema di scaffalature per pallet in acciaio personalizzabile\" width=\"493\" height=\"370\" srcset=\"https:\/\/geelyracks.com\/wp-content\/uploads\/2025\/04\/Heavy-Duty-Warehouse-Racking-Customizable-Steel-Pallet-Rack-System-1024x768.jpg 1024w, https:\/\/geelyracks.com\/wp-content\/uploads\/2025\/04\/Heavy-Duty-Warehouse-Racking-Customizable-Steel-Pallet-Rack-System-300x225.jpg 300w, https:\/\/geelyracks.com\/wp-content\/uploads\/2025\/04\/Heavy-Duty-Warehouse-Racking-Customizable-Steel-Pallet-Rack-System-768x576.jpg 768w, https:\/\/geelyracks.com\/wp-content\/uploads\/2025\/04\/Heavy-Duty-Warehouse-Racking-Customizable-Steel-Pallet-Rack-System-16x12.jpg 16w, https:\/\/geelyracks.com\/wp-content\/uploads\/2025\/04\/Heavy-Duty-Warehouse-Racking-Customizable-Steel-Pallet-Rack-System-500x375.jpg 500w, https:\/\/geelyracks.com\/wp-content\/uploads\/2025\/04\/Heavy-Duty-Warehouse-Racking-Customizable-Steel-Pallet-Rack-System-800x600.jpg 800w, https:\/\/geelyracks.com\/wp-content\/uploads\/2025\/04\/Heavy-Duty-Warehouse-Racking-Customizable-Steel-Pallet-Rack-System.jpg 1280w\" sizes=\"auto, (max-width: 493px) 100vw, 493px\" \/><figcaption id=\"caption-attachment-4807\" class=\"wp-caption-text\">Scaffalature per magazzini per impieghi gravosi - Sistema di scaffalature per pallet in acciaio personalizzabile<\/figcaption><\/figure>\n<p class=\"\" data-start=\"109\" data-end=\"436\">Geelyracks offre soluzioni di stoccaggio industriale costruite per garantire resistenza, flessibilit\u00e0 e prestazioni a lungo termine. Realizzati in <strong data-start=\"226\" data-end=\"250\">acciaio anticorrosione<\/strong>, Le nostre scaffalature portapallet personalizzate possono supportare carichi fino a <strong data-start=\"303\" data-end=\"323\">2000 kg per livello<\/strong>, Sono ideali per lo stoccaggio di cartoni, macchinari e attrezzature pesanti in ambienti di magazzino esigenti.<\/p>\n<p class=\"\" data-start=\"438\" data-end=\"806\">Progettato con un <strong data-start=\"455\" data-end=\"484\">sistema di scaffalature regolabili<\/strong>, Ogni unit\u00e0 pu\u00f2 essere personalizzata in altezza, larghezza e colore per adattarsi a vari layout di magazzino. La struttura a pi\u00f9 livelli e il design delle scaffalature a travi assicurano un utilizzo ottimale dello spazio verticale e un posizionamento organizzato dell'inventario. Uno speciale <strong data-start=\"710\" data-end=\"746\">Trattamento superficiale antiruggine<\/strong> aumenta la durata, anche in condizioni operative difficili.<\/p>\n<p class=\"\" data-start=\"808\" data-end=\"1118\">Una delle nostre soluzioni pi\u00f9 avanzate, il <strong data-start=\"848\" data-end=\"866\">Modello M-DRS001<\/strong>, \u00e8 caratterizzato da un design modulare che pu\u00f2 supportare fino a <strong data-start=\"914\" data-end=\"937\">30.000 kg di carico totale<\/strong> mantenendo la facilit\u00e0 di installazione e di espansione. Che si tratti di spazi compatti o di centri logistici su larga scala, questo sistema offre un supporto affidabile e un'efficienza operativa.<\/p>\n<p class=\"\" data-start=\"1120\" data-end=\"1472\">Le aziende che desiderano aggiornare le proprie capacit\u00e0 di archiviazione beneficiano di una rapida <strong data-start=\"1197\" data-end=\"1228\">Tempi di consegna di 15-30 giorni<\/strong>, consentendo un'interruzione minima e un'implementazione rapida. Con i sistemi scalabili ed economici di Geelyracks, le aziende possono snellire le operazioni e proteggere i beni di valore utilizzando sistemi affidabili. <strong data-start=\"1415\" data-end=\"1447\">scaffalature da magazzino per carichi pesanti<\/strong> su misura per le loro esigenze.<\/p>\n<p>\ud83d\udd0d\u00a0<strong>State affrontando queste sfide?<\/strong><\/p>\n<ul>\n<li>\ud83d\udce6\u00a0<strong>Spazio verticale sprecato?<\/strong>\u00a0I magazzini 50%+ sottoutilizzano l'altezza, aumentando i costi operativi.<\/li>\n<li>\u26a0\ufe0f\u00a0<strong>Danni da corrosione e ruggine?<\/strong>\u00a0Le porte umide o le celle frigorifere degradano i rack tradizionali.<\/li>\n<li>\ud83d\udd52\u00a0<strong>Tempi di consegna lunghi?<\/strong>\u00a0Progetti in ritardo a causa della lentezza delle risposte dei fornitori.<\/li>\n<li>\ud83d\udcb8\u00a0<strong>Costi di personalizzazione elevati?<\/strong>\u00a0I progetti poco flessibili non riescono a soddisfare esigenze uniche.<\/li>\n<\/ul>\n<p>\ud83d\ude80\u00a0<strong>Geelyracks risolve tutto:<\/strong><br \/>\n<strong>\u00a0 \u00a0 \u00a0Sistemi di scaffalature in acciaio collaudati in tutto il mondo<\/strong>\u00a0- Progettato per\u00a0<strong>Produzione, logistica, e-commerce e vendita al dettaglio<\/strong>\u00a0Magazzini.<\/p>\n<p><a href=\"https:\/\/geelyracks.com\/it\/faq\/\">FAQ<\/a><\/p>","protected":false},"excerpt":{"rendered":"<p>Geelyracks<strong>scaffalature da magazzino per carichi pesanti<\/strong>:<strong>Capacit\u00e0 di 2000 kg<\/strong>,<strong>acciaio anticorrosione<\/strong>, completamente personalizzabile.<strong>Consegna in 15-30 giorni<\/strong>per un aggiornamento continuo del magazzino industriale.<\/p>","protected":false},"featured_media":4807,"template":"","meta":[],"product_brand":[],"product_cat":[145,166],"product_tag":[],"class_list":{"0":"post-4783","1":"product","2":"type-product","3":"status-publish","4":"has-post-thumbnail","6":"product_cat-pallet-racking","7":"product_cat-beam-type-racking","9":"first","10":"instock","11":"shipping-taxable","12":"product-type-simple"},"ct_brands":[],"_links":{"self":[{"href":"https:\/\/geelyracks.com\/it\/wp-json\/wp\/v2\/product\/4783","targetHints":{"allow":["GET"]}}],"collection":[{"href":"https:\/\/geelyracks.com\/it\/wp-json\/wp\/v2\/product"}],"about":[{"href":"https:\/\/geelyracks.com\/it\/wp-json\/wp\/v2\/types\/product"}],"version-history":[{"count":0,"href":"https:\/\/geelyracks.com\/it\/wp-json\/wp\/v2\/product\/4783\/revisions"}],"wp:featuredmedia":[{"embeddable":true,"href":"https:\/\/geelyracks.com\/it\/wp-json\/wp\/v2\/media\/4807"}],"wp:attachment":[{"href":"https:\/\/geelyracks.com\/it\/wp-json\/wp\/v2\/media?parent=4783"}],"wp:term":[{"taxonomy":"product_brand","embeddable":true,"href":"https:\/\/geelyracks.com\/it\/wp-json\/wp\/v2\/product_brand?post=4783"},{"taxonomy":"product_cat","embeddable":true,"href":"https:\/\/geelyracks.com\/it\/wp-json\/wp\/v2\/product_cat?post=4783"},{"taxonomy":"product_tag","embeddable":true,"href":"https:\/\/geelyracks.com\/it\/wp-json\/wp\/v2\/product_tag?post=4783"}],"curies":[{"name":"wp","href":"https:\/\/api.w.org\/{rel}","templated":true}]}}