{"id":5387,"date":"2025-05-11T02:35:12","date_gmt":"2025-05-11T02:35:12","guid":{"rendered":"https:\/\/geelyracks.com\/?post_type=product&#038;p=5387"},"modified":"2025-05-11T02:35:12","modified_gmt":"2025-05-11T02:35:12","slug":"sukkulahyllyjarjestelma-suuri-varastointi-teline","status":"publish","type":"product","link":"https:\/\/geelyracks.com\/fi\/tuote\/sukkulahyllyjarjestelma-suuri-varastointi-teline\/","title":{"rendered":"Shuttle-hyllyst\u00f6j\u00e4rjestelm\u00e4 - raskas varastointi varastointiin"},"content":{"rendered":"<table class=\"w-fit min-w-(--thread-content-width)\" data-start=\"1524\" data-end=\"2929\">\n<thead data-start=\"1524\" data-end=\"1621\">\n<tr data-start=\"1524\" data-end=\"1621\">\n<th data-start=\"1524\" data-end=\"1542\" data-col-size=\"sm\">Ominaisuus<\/th>\n<th data-start=\"1542\" data-end=\"1621\" data-col-size=\"md\">Kuvaus<\/th>\n<\/tr>\n<\/thead>\n<tbody data-start=\"1719\" data-end=\"2929\">\n<tr data-start=\"1719\" data-end=\"1816\">\n<td data-start=\"1719\" data-end=\"1737\" data-col-size=\"sm\"><strong data-start=\"1721\" data-end=\"1733\">Materiaali<\/strong><\/td>\n<td data-start=\"1737\" data-end=\"1816\" data-col-size=\"md\">Ter\u00e4s<\/td>\n<\/tr>\n<tr data-start=\"1817\" data-end=\"1914\">\n<td data-start=\"1817\" data-end=\"1835\" data-col-size=\"sm\"><strong data-start=\"1819\" data-end=\"1831\">Kokoonpano<\/strong><\/td>\n<td data-col-size=\"md\" data-start=\"1835\" data-end=\"1914\">Helppo koota modulaarinen rakenne<\/td>\n<\/tr>\n<tr data-start=\"1915\" data-end=\"2015\">\n<td data-start=\"1915\" data-end=\"1935\" data-col-size=\"sm\"><strong data-start=\"1917\" data-end=\"1934\">Kuormituskapasiteetti<\/strong><\/td>\n<td data-col-size=\"md\" data-start=\"1935\" data-end=\"2015\"><strong data-start=\"1937\" data-end=\"1968\">1000kg\/kerros - 2000kg\/kerros<\/strong><\/td>\n<\/tr>\n<tr data-start=\"2016\" data-end=\"2116\">\n<td data-start=\"2016\" data-end=\"2037\" data-col-size=\"sm\"><strong data-start=\"2018\" data-end=\"2036\">Pinnan viimeistely<\/strong><\/td>\n<td data-start=\"2037\" data-end=\"2116\" data-col-size=\"md\">Antistaattinen jauhemaalaus<\/td>\n<\/tr>\n<tr data-start=\"2117\" data-end=\"2214\">\n<td data-start=\"2117\" data-end=\"2136\" data-col-size=\"sm\"><strong data-start=\"2119\" data-end=\"2135\">V\u00e4ri &amp; koko<\/strong><\/td>\n<td data-col-size=\"md\" data-start=\"2136\" data-end=\"2214\">Mukautettavissa<\/td>\n<\/tr>\n<tr data-start=\"2215\" data-end=\"2312\">\n<td data-start=\"2215\" data-end=\"2233\" data-col-size=\"sm\"><strong data-start=\"2217\" data-end=\"2228\">T\u00e4ytt\u00f6<\/strong><\/td>\n<td data-col-size=\"md\" data-start=\"2233\" data-end=\"2312\">Kuplakalvopakkaukset<\/td>\n<\/tr>\n<tr data-start=\"2313\" data-end=\"2411\">\n<td data-start=\"2313\" data-end=\"2331\" data-col-size=\"sm\"><strong data-start=\"2315\" data-end=\"2329\">Kest\u00e4vyys<\/strong><\/td>\n<td data-col-size=\"md\" data-start=\"2331\" data-end=\"2411\">Over <strong data-start=\"2338\" data-end=\"2373\">20 vuoden kokemus alalta<\/strong><\/td>\n<\/tr>\n<tr data-start=\"2412\" data-end=\"2537\">\n<td data-start=\"2412\" data-end=\"2435\" data-col-size=\"sm\"><strong data-start=\"2414\" data-end=\"2434\">Erityisominaisuudet<\/strong><\/td>\n<td data-start=\"2435\" data-end=\"2537\" data-col-size=\"md\">Ruosteenesto, vedenpit\u00e4v\u00e4, s\u00e4\u00e4dett\u00e4v\u00e4, irrotettava, tilaa s\u00e4\u00e4st\u00e4v\u00e4, antistaattinen, ymp\u00e4rist\u00f6yst\u00e4v\u00e4llinen.<\/td>\n<\/tr>\n<tr data-start=\"2538\" data-end=\"2634\">\n<td data-start=\"2538\" data-end=\"2556\" data-col-size=\"sm\"><strong data-start=\"2540\" data-end=\"2555\">Hakemus<\/strong><\/td>\n<td data-col-size=\"md\" data-start=\"2556\" data-end=\"2634\">Kylm\u00e4varastot, logistiikkakeskukset, varastointi ja esillepano<\/td>\n<\/tr>\n<tr data-start=\"2635\" data-end=\"2733\">\n<td data-start=\"2635\" data-end=\"2656\" data-col-size=\"sm\"><strong data-start=\"2637\" data-end=\"2655\">Suunnittelutuki<\/strong><\/td>\n<td data-col-size=\"md\" data-start=\"2656\" data-end=\"2733\">Ilmainen 2D-piirustus<\/td>\n<\/tr>\n<tr data-start=\"2734\" data-end=\"2831\">\n<td data-start=\"2734\" data-end=\"2752\" data-col-size=\"sm\"><strong data-start=\"2736\" data-end=\"2749\">OEM &amp; ODM<\/strong><\/td>\n<td data-col-size=\"md\" data-start=\"2752\" data-end=\"2831\">Hyv\u00e4ksytty<\/td>\n<\/tr>\n<tr data-start=\"2832\" data-end=\"2929\">\n<td data-start=\"2832\" data-end=\"2850\" data-col-size=\"sm\"><strong data-start=\"2834\" data-end=\"2847\">L\u00e4pimenoaika<\/strong><\/td>\n<td data-start=\"2850\" data-end=\"2929\" data-col-size=\"md\">15-25 p\u00e4iv\u00e4\u00e4<\/td>\n<\/tr>\n<\/tbody>\n<\/table>\n<p data-start=\"444\" data-end=\"834\">\n<figure id=\"attachment_5390\" aria-describedby=\"caption-attachment-5390\" style=\"width: 606px\" class=\"wp-caption alignnone\"><img loading=\"lazy\" decoding=\"async\" class=\"wp-image-5390\" src=\"https:\/\/geelyracks.com\/wp-content\/uploads\/2025\/05\/Large-shuttle-rack-\u2013-Geelyracks-shuttle-racking-system-1024x576.jpg\" alt=\"Suuri sukkulahylly---Geelyracks-sukkulahyllyj\u00e4rjestelm\u00e4\" width=\"606\" height=\"341\" srcset=\"https:\/\/geelyracks.com\/wp-content\/uploads\/2025\/05\/Large-shuttle-rack-\u2013-Geelyracks-shuttle-racking-system-1024x576.jpg 1024w, https:\/\/geelyracks.com\/wp-content\/uploads\/2025\/05\/Large-shuttle-rack-\u2013-Geelyracks-shuttle-racking-system-300x169.jpg 300w, https:\/\/geelyracks.com\/wp-content\/uploads\/2025\/05\/Large-shuttle-rack-\u2013-Geelyracks-shuttle-racking-system-768x432.jpg 768w, https:\/\/geelyracks.com\/wp-content\/uploads\/2025\/05\/Large-shuttle-rack-\u2013-Geelyracks-shuttle-racking-system-18x10.jpg 18w, https:\/\/geelyracks.com\/wp-content\/uploads\/2025\/05\/Large-shuttle-rack-\u2013-Geelyracks-shuttle-racking-system-500x281.jpg 500w, https:\/\/geelyracks.com\/wp-content\/uploads\/2025\/05\/Large-shuttle-rack-\u2013-Geelyracks-shuttle-racking-system-800x450.jpg 800w, https:\/\/geelyracks.com\/wp-content\/uploads\/2025\/05\/Large-shuttle-rack-\u2013-Geelyracks-shuttle-racking-system.jpg 1227w\" sizes=\"auto, (max-width: 606px) 100vw, 606px\" \/><figcaption id=\"caption-attachment-5390\" class=\"wp-caption-text\">Suuri sukkulahylly---Geelyracks-sukkulahyllyj\u00e4rjestelm\u00e4<\/figcaption><\/figure>\n<p class=\"\" data-start=\"444\" data-end=\"834\"><strong data-start=\"444\" data-end=\"485\">Geelyracksin sukkulahyllyj\u00e4rjestelm\u00e4<\/strong> on <strong data-start=\"491\" data-end=\"548\">tihe\u00e4, r\u00e4\u00e4t\u00e4l\u00f6it\u00e4viss\u00e4 oleva varaston varastointiratkaisu<\/strong> suunniteltu kylm\u00e4varastoihin, logistiikkakeskuksiin ja kuormalavavarastoihin. T\u00e4m\u00e4 <strong data-start=\"634\" data-end=\"660\">sukkulahyllyj\u00e4rjestelm\u00e4<\/strong> on vankka <strong data-start=\"679\" data-end=\"701\">ter\u00e4srakenne<\/strong> kanssa <strong data-start=\"707\" data-end=\"737\">antistaattinen jauhemaalaus<\/strong>, mik\u00e4 takaa kest\u00e4vyyden ja turvallisuuden raskaissa kuormituksissa, jotka vaihtelevat v\u00e4lill\u00e4 <strong data-start=\"801\" data-end=\"831\">1000kg-2000kg tasoa kohti<\/strong>.<\/p>\n<p class=\"\" data-start=\"836\" data-end=\"1171\">Sen <strong data-start=\"845\" data-end=\"863\">modulaarinen rakenne<\/strong>, t\u00e4m\u00e4 telinej\u00e4rjestelm\u00e4 on helppo koota, t\u00e4ysin s\u00e4\u00e4dett\u00e4viss\u00e4 ja tilaa s\u00e4\u00e4st\u00e4v\u00e4. Se on ihanteellinen ymp\u00e4rist\u00f6ihin, joissa <strong data-start=\"973\" data-end=\"1004\">suuritiheyksinen kuormalavavarasto<\/strong> on ratkaisevan t\u00e4rke\u00e4\u00e4 tehokkuuden maksimoimiseksi ja toimintakustannusten v\u00e4hent\u00e4miseksi. J\u00e4rjestelm\u00e4 on my\u00f6s ruosteenesto, vedenpit\u00e4v\u00e4, ymp\u00e4rist\u00f6yst\u00e4v\u00e4llinen ja tukee <strong data-start=\"1143\" data-end=\"1168\">OEM\/ODM-kustomointi<\/strong>.<\/p>\n<p class=\"\" data-start=\"1173\" data-end=\"1422\">Valitse <strong data-start=\"1184\" data-end=\"1221\">Geelyracks sukkulahyllyj\u00e4rjestelm\u00e4<\/strong> luotettava ja skaalautuva ratkaisu, joka on r\u00e4\u00e4t\u00e4l\u00f6ity varaston tarpeisiisi. Ammattilaiset luottavat yli <strong data-start=\"1328\" data-end=\"1363\">20 vuoden kokemus alalta<\/strong>, se on rakennettu optimoimaan jokainen tuuma s\u00e4ilytystilaa.<\/p>\n<h3 class=\"\" data-start=\"1497\" data-end=\"1538\">\ud83d\udca1 Ratkaise n\u00e4m\u00e4 varastohaasteet<\/h3>\n<div class=\"_tableContainer_16hzy_1\">\n<div class=\"_tableWrapper_16hzy_14 group flex w-fit flex-col-reverse\" tabindex=\"-1\">\n<table class=\"w-fit min-w-(--thread-content-width)\" data-start=\"1539\" data-end=\"2105\">\n<thead data-start=\"1539\" data-end=\"1565\">\n<tr data-start=\"1539\" data-end=\"1565\">\n<th data-start=\"1539\" data-end=\"1549\" data-col-size=\"md\">Ongelma<\/th>\n<th data-start=\"1549\" data-end=\"1565\" data-col-size=\"md\">Ratkaisumme<\/th>\n<\/tr>\n<\/thead>\n<tbody data-start=\"1592\" data-end=\"2105\">\n<tr data-start=\"1592\" data-end=\"1706\">\n<td data-start=\"1592\" data-end=\"1640\" data-col-size=\"md\">Varaston korkeuden ja syvyyden tehoton k\u00e4ytt\u00f6<\/td>\n<td data-col-size=\"md\" data-start=\"1640\" data-end=\"1706\"><strong data-start=\"1642\" data-end=\"1704\">Suuritiheyksinen vaihtohyllyj\u00e4rjestelm\u00e4, jossa on syv\u00e4 kaistavarasto<\/strong><\/td>\n<\/tr>\n<tr data-start=\"1707\" data-end=\"1803\">\n<td data-start=\"1707\" data-end=\"1732\" data-col-size=\"md\">Alhainen poimintatehokkuus<\/td>\n<td data-start=\"1732\" data-end=\"1803\" data-col-size=\"md\">Yhteensopiva <strong data-start=\"1750\" data-end=\"1779\">automatisoidut sukkulaj\u00e4rjestelm\u00e4t<\/strong> nopeuttaa toimintoja<\/td>\n<\/tr>\n<tr data-start=\"1804\" data-end=\"1906\">\n<td data-start=\"1804\" data-end=\"1840\" data-col-size=\"md\">Kylm\u00e4varaston tilarajoitukset<\/td>\n<td data-col-size=\"md\" data-start=\"1840\" data-end=\"1906\"><strong data-start=\"1842\" data-end=\"1874\">Tilaa s\u00e4\u00e4st\u00e4v\u00e4, kompakti rakenne<\/strong> ruosteen- ja kylm\u00e4nkest\u00e4vyys<\/td>\n<\/tr>\n<tr data-start=\"1907\" data-end=\"2012\">\n<td data-start=\"1907\" data-end=\"1942\" data-col-size=\"md\">Korkeat ty\u00f6voima- ja yll\u00e4pitokustannukset<\/td>\n<td data-start=\"1942\" data-end=\"2012\" data-col-size=\"md\">Kest\u00e4v\u00e4, v\u00e4h\u00e4n huoltoa vaativa j\u00e4rjestelm\u00e4, <strong data-start=\"1977\" data-end=\"2010\">helppo asentaa ja konfiguroida uudelleen<\/strong><\/td>\n<\/tr>\n<tr data-start=\"2013\" data-end=\"2105\">\n<td data-start=\"2013\" data-end=\"2044\" data-col-size=\"md\">Tuotteiden j\u00e4ljitett\u00e4vyyden puute<\/td>\n<td data-start=\"2044\" data-end=\"2105\" data-col-size=\"md\">Strukturoitu ulkoasu tukee <strong data-start=\"2073\" data-end=\"2103\">\u00e4lyk\u00e4s varastonhallinta<\/strong><\/td>\n<\/tr>\n<\/tbody>\n<\/table>\n<\/div>\n<\/div>\n<p data-start=\"928\" data-end=\"1243\"><a href=\"https:\/\/geelyracks.com\/fi\/faq\/\">FAQ<\/a><\/p>","protected":false},"excerpt":{"rendered":"<p><strong data-start=\"1509\" data-end=\"1546\">Raskas sukkulahyllyj\u00e4rjestelm\u00e4<\/strong> varasto- ja kylm\u00e4varastok\u00e4ytt\u00f6\u00f6n, ja ne tarjoavat r\u00e4\u00e4t\u00e4l\u00f6it\u00e4v\u00e4n suunnittelun, suuren kantavuuden ja tilaa s\u00e4\u00e4st\u00e4v\u00e4t ominaisuudet.<\/p>","protected":false},"featured_media":5390,"template":"","meta":[],"product_brand":[],"product_cat":[15],"product_tag":[],"class_list":{"0":"post-5387","1":"product","2":"type-product","3":"status-publish","4":"has-post-thumbnail","6":"product_cat-shuttle-racking","8":"first","9":"instock","10":"shipping-taxable","11":"product-type-simple"},"ct_brands":[],"_links":{"self":[{"href":"https:\/\/geelyracks.com\/fi\/wp-json\/wp\/v2\/product\/5387","targetHints":{"allow":["GET"]}}],"collection":[{"href":"https:\/\/geelyracks.com\/fi\/wp-json\/wp\/v2\/product"}],"about":[{"href":"https:\/\/geelyracks.com\/fi\/wp-json\/wp\/v2\/types\/product"}],"version-history":[{"count":0,"href":"https:\/\/geelyracks.com\/fi\/wp-json\/wp\/v2\/product\/5387\/revisions"}],"wp:featuredmedia":[{"embeddable":true,"href":"https:\/\/geelyracks.com\/fi\/wp-json\/wp\/v2\/media\/5390"}],"wp:attachment":[{"href":"https:\/\/geelyracks.com\/fi\/wp-json\/wp\/v2\/media?parent=5387"}],"wp:term":[{"taxonomy":"product_brand","embeddable":true,"href":"https:\/\/geelyracks.com\/fi\/wp-json\/wp\/v2\/product_brand?post=5387"},{"taxonomy":"product_cat","embeddable":true,"href":"https:\/\/geelyracks.com\/fi\/wp-json\/wp\/v2\/product_cat?post=5387"},{"taxonomy":"product_tag","embeddable":true,"href":"https:\/\/geelyracks.com\/fi\/wp-json\/wp\/v2\/product_tag?post=5387"}],"curies":[{"name":"wp","href":"https:\/\/api.w.org\/{rel}","templated":true}]}}