{"id":4090,"date":"2025-03-20T20:27:22","date_gmt":"2025-03-20T20:27:22","guid":{"rendered":"https:\/\/geelyracks.com\/?page_id=4090"},"modified":"2025-05-09T19:49:52","modified_gmt":"2025-05-09T19:49:52","slug":"shipping-tracking","status":"publish","type":"page","link":"https:\/\/geelyracks.com\/eo\/shipping-tracking\/","title":{"rendered":"Spurado de sendo"},"content":{"rendered":"<div data-elementor-type=\"wp-page\" data-elementor-id=\"4090\" class=\"elementor elementor-4090\" data-elementor-post-type=\"page\">\n\t\t\t\t\t\t<section class=\"elementor-section elementor-top-section elementor-element elementor-element-130418e7 ct-section-stretched elementor-section-boxed elementor-section-height-default elementor-section-height-default\" data-id=\"130418e7\" data-element_type=\"section\" data-e-type=\"section\" data-settings=\"{&quot;background_background&quot;:&quot;classic&quot;,&quot;shape_divider_bottom&quot;:&quot;tilt&quot;}\">\n\t\t\t\t\t\t\t<div class=\"elementor-background-overlay\"><\/div>\n\t\t\t\t\t\t<div class=\"elementor-shape elementor-shape-bottom\" aria-hidden=\"true\" data-negative=\"false\">\n\t\t\t<svg xmlns=\"http:\/\/www.w3.org\/2000\/svg\" viewbox=\"0 0 1000 100\" preserveaspectratio=\"none\">\n\t<path class=\"elementor-shape-fill\" d=\"M0,6V0h1000v100L0,6z\"\/>\n<\/svg>\t\t<\/div>\n\t\t\t\t\t<div class=\"elementor-container elementor-column-gap-wider\">\n\t\t\t\t\t<div class=\"elementor-column elementor-col-50 elementor-top-column elementor-element elementor-element-3bc9b31e\" data-id=\"3bc9b31e\" data-element_type=\"column\" data-e-type=\"column\">\n\t\t\t<div class=\"elementor-widget-wrap elementor-element-populated\">\n\t\t\t\t\t\t<div class=\"elementor-element elementor-element-4b62852f elementor-widget elementor-widget-heading\" data-id=\"4b62852f\" data-element_type=\"widget\" data-e-type=\"widget\" data-widget_type=\"heading.default\">\n\t\t\t\t<div class=\"elementor-widget-container\">\n\t\t\t\t\t<h2 class=\"elementor-heading-title elementor-size-default\">Spurado de sendo\n<\/h2>\t\t\t\t<\/div>\n\t\t\t\t<\/div>\n\t\t\t\t<div class=\"elementor-element elementor-element-7a0c46f8 elementor-widget elementor-widget-shortcode\" data-id=\"7a0c46f8\" data-element_type=\"widget\" data-e-type=\"widget\" data-widget_type=\"shortcode.default\">\n\t\t\t\t<div class=\"elementor-widget-container\">\n\t\t\t\t\t\t\t<div class=\"elementor-shortcode\"><\/div>\n\t\t\t\t\t\t<\/div>\n\t\t\t\t<\/div>\n\t\t\t\t<div class=\"elementor-element elementor-element-727f8225 elementor-widget elementor-widget-heading\" data-id=\"727f8225\" data-element_type=\"widget\" data-e-type=\"widget\" data-widget_type=\"heading.default\">\n\t\t\t\t<div class=\"elementor-widget-container\">\n\t\t\t\t\t<h2 class=\"elementor-heading-title elementor-size-default\">Please fill out the contact form below to request information about our services. We\u2019ll usually get back to you within 24 hours.<\/h2>\t\t\t\t<\/div>\n\t\t\t\t<\/div>\n\t\t\t\t<div class=\"elementor-element elementor-element-125a91a0 elementor-widget elementor-widget-button\" data-id=\"125a91a0\" data-element_type=\"widget\" data-e-type=\"widget\" data-widget_type=\"button.default\">\n\t\t\t\t<div class=\"elementor-widget-container\">\n\t\t\t\t\t\t\t\t\t<div class=\"elementor-button-wrapper\">\n\t\t\t\t\t<a class=\"elementor-button elementor-button-link elementor-size-sm elementor-animation-float\" href=\"https:\/\/geelyracks.com\/eo\/products\/\">\n\t\t\t\t\t\t<span class=\"elementor-button-content-wrapper\">\n\t\t\t\t\t\t<span class=\"elementor-button-icon\">\n\t\t\t\t<i aria-hidden=\"true\" class=\"far fa-caret-square-right\"><\/i>\t\t\t<\/span>\n\t\t\t\t\t\t\t\t\t<span class=\"elementor-button-text\">Vidi magazenajn bretojn<\/span>\n\t\t\t\t\t<\/span>\n\t\t\t\t\t<\/a>\n\t\t\t\t<\/div>\n\t\t\t\t\t\t\t\t<\/div>\n\t\t\t\t<\/div>\n\t\t\t\t\t<\/div>\n\t\t<\/div>\n\t\t\t\t<div class=\"elementor-column elementor-col-50 elementor-top-column elementor-element elementor-element-1447b4a8\" data-id=\"1447b4a8\" data-element_type=\"column\" data-e-type=\"column\">\n\t\t\t<div class=\"elementor-widget-wrap elementor-element-populated\">\n\t\t\t\t\t\t\t<\/div>\n\t\t<\/div>\n\t\t\t\t\t<\/div>\n\t\t<\/section>\n\t\t<div class=\"elementor-element elementor-element-2c2e48b e-flex e-con-boxed e-con e-parent\" data-id=\"2c2e48b\" data-element_type=\"container\" data-e-type=\"container\">\n\t\t\t\t\t<div class=\"e-con-inner\">\n\t\t<div class=\"elementor-element elementor-element-d2e0440 e-con-full e-flex e-con e-child\" data-id=\"d2e0440\" data-element_type=\"container\" data-e-type=\"container\">\n\t\t\t\t<div class=\"elementor-element elementor-element-cd84fbd elementor-widget elementor-widget-heading\" data-id=\"cd84fbd\" data-element_type=\"widget\" data-e-type=\"widget\" data-widget_type=\"heading.default\">\n\t\t\t\t<div class=\"elementor-widget-container\">\n\t\t\t\t\t<h2 class=\"elementor-heading-title elementor-size-default\">Global Logistics Query<\/h2>\t\t\t\t<\/div>\n\t\t\t\t<\/div>\n\t\t\t\t<\/div>\n\t\t\t\t\t<\/div>\n\t\t\t\t<\/div>\n\t\t<div class=\"elementor-element elementor-element-822edd1 e-flex e-con-boxed e-con e-parent\" data-id=\"822edd1\" data-element_type=\"container\" data-e-type=\"container\">\n\t\t\t\t\t<div class=\"e-con-inner\">\n\t\t<div class=\"elementor-element elementor-element-03b2a53 e-con-full e-flex e-con e-child\" data-id=\"03b2a53\" data-element_type=\"container\" data-e-type=\"container\">\n\t\t\t\t<div class=\"elementor-element elementor-element-1eb6218 elementor-widget elementor-widget-text-editor\" data-id=\"1eb6218\" data-element_type=\"widget\" data-e-type=\"widget\" data-widget_type=\"text-editor.default\">\n\t\t\t\t<div class=\"elementor-widget-container\">\n\t\t\t\t\t\t\t\t\t<p style=\"text-align: center;\">Support query of <span style=\"color: #ff0000;\"><strong>2500+<\/strong><\/span> transporters and <strong><span style=\"color: #ff0000;\">190+<\/span><\/strong> airlines worldwide<\/p>\t\t\t\t\t\t\t\t<\/div>\n\t\t\t\t<\/div>\n\t\t\t\t<\/div>\n\t\t\t\t\t<\/div>\n\t\t\t\t<\/div>\n\t\t<div class=\"elementor-element elementor-element-f0197f9 e-flex e-con-boxed e-con e-parent\" data-id=\"f0197f9\" data-element_type=\"container\" data-e-type=\"container\">\n\t\t\t\t\t<div class=\"e-con-inner\">\n\t\t<div class=\"elementor-element elementor-element-e58e17d e-con-full e-flex e-con e-child\" data-id=\"e58e17d\" data-element_type=\"container\" data-e-type=\"container\">\n\t\t\t\t<div class=\"elementor-element elementor-element-655fc3f elementor-widget elementor-widget-html\" data-id=\"655fc3f\" data-element_type=\"widget\" data-e-type=\"widget\" data-widget_type=\"html.default\">\n\t\t\t\t<div class=\"elementor-widget-container\">\n\t\t\t\t\t\r\n<!--\u7528\u4e8e\u663e\u793a\u67e5\u8be2\u8f93\u5165\u6846\u7684\u5bb9\u5668\u3002-->\r\n<div id=\"YQContainer\"><\/div>\r\n\r\n<!--\u811a\u672c\u4ee3\u7801\u53ef\u653e\u4e8e\u9875\u9762\u5e95\u90e8\uff0c\u7b49\u5230\u9875\u9762\u6700\u540e\u6267\u884c\u3002-->\r\n<script type=\"text\/javascript\" src=\"\/\/www.17track.net\/externalcall.js\"><\/script>\r\n<script type=\"text\/javascript\">\r\nYQV5.trackMulti({\r\n    \/\/\u5fc5\u987b\uff0c\u6307\u5b9a\u627f\u8f7d\u5185\u5bb9\u7684\u5bb9\u5668ID\u3002\r\n    YQ_ContainerId:\"YQContainer\",\r\n    \/\/\u53ef\u9009\uff0c\u6307\u5b9a\u67e5\u8be2\u7ed3\u679c\u9ad8\u5ea6\uff0c\u6700\u5927\u4e3a800px\uff0c\u9ed8\u8ba4\u4e3a560px\u3002\r\n    YQ_Height:560,\r\n    \/\/\u53ef\u9009\uff0c\u6307\u5b9aUI\u8bed\u8a00\uff0c\u9ed8\u8ba4\u6839\u636e\u6d4f\u89c8\u5668\u81ea\u52a8\u8bc6\u522b\u3002\r\n    YQ_Lang:\"en\"\r\n});\r\n<\/script>\t\t\t\t<\/div>\n\t\t\t\t<\/div>\n\t\t\t\t<\/div>\n\t\t\t\t\t<\/div>\n\t\t\t\t<\/div>\n\t\t<div class=\"elementor-element elementor-element-4115b5bf e-flex e-con-boxed e-con e-parent\" data-id=\"4115b5bf\" data-element_type=\"container\" data-e-type=\"container\">\n\t\t\t\t\t<div class=\"e-con-inner\">\n\t\t<div class=\"elementor-element elementor-element-acad9e9 e-con-full e-flex e-con e-child\" data-id=\"acad9e9\" data-element_type=\"container\" data-e-type=\"container\">\n\t\t<div class=\"elementor-element elementor-element-26196003 e-con-full e-flex e-con e-child\" data-id=\"26196003\" data-element_type=\"container\" data-e-type=\"container\">\n\t\t\t\t<div class=\"elementor-element elementor-element-25a640d1 elementor-widget elementor-widget-heading\" data-id=\"25a640d1\" data-element_type=\"widget\" data-e-type=\"widget\" data-widget_type=\"heading.default\">\n\t\t\t\t<div class=\"elementor-widget-container\">\n\t\t\t\t\t<h2 class=\"elementor-heading-title elementor-size-default\">\"Estas tempo modernigi vian magazenon! Adia\u016du teran angoron kaj \u015dparu milionojn da dolaroj per \u0109i tiu inteligenta ekspansia solvo.\"<\/h2>\t\t\t\t<\/div>\n\t\t\t\t<\/div>\n\t\t\t\t<div class=\"elementor-element elementor-element-1cdede9c elementor-widget__width-initial elementor-widget elementor-widget-text-editor\" data-id=\"1cdede9c\" data-element_type=\"widget\" data-e-type=\"widget\" data-widget_type=\"text-editor.default\">\n\t\t\t\t<div class=\"elementor-widget-container\">\n\t\t\t\t\t\t\t\t\t<p>Dum viaj konkurantoj ankora\u016d kalkulas la terenokoston de novaj magazenoj, vi atingis la jenon per <a href=\"https:\/\/geelyracks.com\/eo\/\"><span style=\"text-decoration: underline;\">geelyracks-a<\/span><\/a> solvo por spaca rekonstruado: \u200b<br \/>\u2713 Stokdenseco plii\u011dis je 184%<br \/>\u2713 Funkciaj kostoj reduktitaj je 37%<br \/>\u2713 Rapideco de mendo-plenumo plii\u011dis je 65%<br \/>\u0108io \u0109i sen la bezono transloki\u011di a\u016d fermi\u011di.\u201d<\/p>\t\t\t\t\t\t\t\t<\/div>\n\t\t\t\t<\/div>\n\t\t<div class=\"elementor-element elementor-element-2aec321 e-grid e-con-full e-con e-child\" data-id=\"2aec321\" data-element_type=\"container\" data-e-type=\"container\">\n\t\t<div class=\"elementor-element elementor-element-28b19e0 e-con-full e-flex e-con e-child\" data-id=\"28b19e0\" data-element_type=\"container\" data-e-type=\"container\">\n\t\t<div class=\"elementor-element elementor-element-204d2c8 e-con-full elementor-hidden-tablet elementor-hidden-mobile e-flex e-con e-child\" data-id=\"204d2c8\" data-element_type=\"container\" data-e-type=\"container\" data-settings=\"{&quot;background_background&quot;:&quot;classic&quot;}\">\n\t\t\t\t<div class=\"elementor-element elementor-element-b321ffb elementor-widget elementor-widget-image\" data-id=\"b321ffb\" data-element_type=\"widget\" data-e-type=\"widget\" data-widget_type=\"image.default\">\n\t\t\t\t<div class=\"elementor-widget-container\">\n\t\t\t\t\t\t\t\t\t\t\t\t\t\t\t<img decoding=\"async\" src=\"https:\/\/startersites.io\/elementor\/furniture\/wp-content\/uploads\/2024\/05\/home-avatar-1.webp\" title=\"\" alt=\"\" loading=\"lazy\" \/>\t\t\t\t\t\t\t\t\t\t\t\t\t\t\t<\/div>\n\t\t\t\t<\/div>\n\t\t\t\t<div class=\"elementor-element elementor-element-60ec6be elementor-widget elementor-widget-image\" data-id=\"60ec6be\" data-element_type=\"widget\" data-e-type=\"widget\" data-widget_type=\"image.default\">\n\t\t\t\t<div class=\"elementor-widget-container\">\n\t\t\t\t\t\t\t\t\t\t\t\t\t\t\t<img decoding=\"async\" src=\"https:\/\/startersites.io\/elementor\/furniture\/wp-content\/uploads\/2024\/05\/home-avatar-2.webp\" title=\"\" alt=\"\" loading=\"lazy\" \/>\t\t\t\t\t\t\t\t\t\t\t\t\t\t\t<\/div>\n\t\t\t\t<\/div>\n\t\t\t\t<div class=\"elementor-element elementor-element-b94b5ad elementor-widget elementor-widget-image\" data-id=\"b94b5ad\" data-element_type=\"widget\" data-e-type=\"widget\" data-widget_type=\"image.default\">\n\t\t\t\t<div class=\"elementor-widget-container\">\n\t\t\t\t\t\t\t\t\t\t\t\t\t\t\t<img decoding=\"async\" src=\"https:\/\/startersites.io\/elementor\/furniture\/wp-content\/uploads\/2024\/05\/home-avatar-3.webp\" title=\"\" alt=\"\" loading=\"lazy\" \/>\t\t\t\t\t\t\t\t\t\t\t\t\t\t\t<\/div>\n\t\t\t\t<\/div>\n\t\t\t\t<div class=\"elementor-element elementor-element-7096935 elementor-widget elementor-widget-text-editor\" data-id=\"7096935\" data-element_type=\"widget\" data-e-type=\"widget\" data-widget_type=\"text-editor.default\">\n\t\t\t\t<div class=\"elementor-widget-container\">\n\t\t\t\t\t\t\t\t\t<p><strong>Kontakto kun nia fakulo<\/strong><\/p>\t\t\t\t\t\t\t\t<\/div>\n\t\t\t\t<\/div>\n\t\t\t\t<\/div>\n\t\t\t\t<\/div>\n\t\t<div class=\"elementor-element elementor-element-8e919e1 e-con-full e-flex e-con e-child\" data-id=\"8e919e1\" data-element_type=\"container\" data-e-type=\"container\">\n\t\t\t\t<div class=\"elementor-element elementor-element-9ef625c elementor-widget elementor-widget-button\" data-id=\"9ef625c\" data-element_type=\"widget\" data-e-type=\"widget\" data-widget_type=\"button.default\">\n\t\t\t\t<div class=\"elementor-widget-container\">\n\t\t\t\t\t\t\t\t\t<div class=\"elementor-button-wrapper\">\n\t\t\t\t\t<a class=\"elementor-button elementor-button-link elementor-size-sm elementor-animation-grow\" href=\"https:\/\/geelyracks.com\/eo\/contact-us\/\">\n\t\t\t\t\t\t<span class=\"elementor-button-content-wrapper\">\n\t\t\t\t\t\t\t\t\t<span class=\"elementor-button-text\">Akiru vian solvon nun \u2192<\/span>\n\t\t\t\t\t<\/span>\n\t\t\t\t\t<\/a>\n\t\t\t\t<\/div>\n\t\t\t\t\t\t\t\t<\/div>\n\t\t\t\t<\/div>\n\t\t\t\t<\/div>\n\t\t\t\t<\/div>\n\t\t\t\t<\/div>\n\t\t\t\t<\/div>\n\t\t<div class=\"elementor-element elementor-element-748d2ef1 e-con-full e-flex e-con e-child\" data-id=\"748d2ef1\" data-element_type=\"container\" data-e-type=\"container\">\n\t\t\t\t<div class=\"elementor-element elementor-element-c1a125e elementor-widget elementor-widget-image\" data-id=\"c1a125e\" data-element_type=\"widget\" data-e-type=\"widget\" data-widget_type=\"image.default\">\n\t\t\t\t<div class=\"elementor-widget-container\">\n\t\t\t\t\t\t\t\t\t\t\t\t\t\t\t<img loading=\"lazy\" decoding=\"async\" width=\"2560\" height=\"2560\" src=\"https:\/\/geelyracks.com\/wp-content\/uploads\/2025\/03\/Warshause-logistics_11zon-1-scaled.webp\" class=\"attachment-full size-full wp-image-3775\" alt=\"Stokeja lo\u011distiko\" srcset=\"https:\/\/geelyracks.com\/wp-content\/uploads\/2025\/03\/Warshause-logistics_11zon-1-scaled.webp 2560w, https:\/\/geelyracks.com\/wp-content\/uploads\/2025\/03\/Warshause-logistics_11zon-1-300x300.webp 300w, https:\/\/geelyracks.com\/wp-content\/uploads\/2025\/03\/Warshause-logistics_11zon-1-1024x1024.webp 1024w, https:\/\/geelyracks.com\/wp-content\/uploads\/2025\/03\/Warshause-logistics_11zon-1-150x150.webp 150w, https:\/\/geelyracks.com\/wp-content\/uploads\/2025\/03\/Warshause-logistics_11zon-1-768x768.webp 768w, https:\/\/geelyracks.com\/wp-content\/uploads\/2025\/03\/Warshause-logistics_11zon-1-1536x1536.webp 1536w, https:\/\/geelyracks.com\/wp-content\/uploads\/2025\/03\/Warshause-logistics_11zon-1-2048x2048.webp 2048w, https:\/\/geelyracks.com\/wp-content\/uploads\/2025\/03\/Warshause-logistics_11zon-1-12x12.webp 12w, https:\/\/geelyracks.com\/wp-content\/uploads\/2025\/03\/Warshause-logistics_11zon-1-500x500.webp 500w, https:\/\/geelyracks.com\/wp-content\/uploads\/2025\/03\/Warshause-logistics_11zon-1-800x800.webp 800w\" sizes=\"auto, (max-width: 2560px) 100vw, 2560px\" \/>\t\t\t\t\t\t\t\t\t\t\t\t\t\t\t<\/div>\n\t\t\t\t<\/div>\n\t\t\t\t<\/div>\n\t\t\t\t\t<\/div>\n\t\t\t\t<\/div>\n\t\t<div class=\"elementor-element elementor-element-5fce8c84 e-flex e-con-boxed e-con e-parent\" data-id=\"5fce8c84\" data-element_type=\"container\" data-e-type=\"container\">\n\t\t\t\t\t<div class=\"e-con-inner\">\n\t\t\t\t\t<\/div>\n\t\t\t\t<\/div>\n\t\t\t\t<\/div>","protected":false},"excerpt":{"rendered":"<p>Shipping Tracking Please fill out the contact form below to request information about our services. We\u2019ll usually get back to you within 24 hours. View warehouse racks Global Logistics Query Support query of 2500+ transporters and 190+ airlines worldwide &#8220;It&#8217;s time to upgrade your warehouse! Say goodbye to land anxiety and save millions of dollars [&hellip;]<\/p>\n","protected":false},"author":1,"featured_media":0,"parent":0,"menu_order":0,"comment_status":"closed","ping_status":"closed","template":"","meta":{"footnotes":""},"class_list":["post-4090","page","type-page","status-publish","hentry"],"blocksy_meta":[],"_links":{"self":[{"href":"https:\/\/geelyracks.com\/eo\/wp-json\/wp\/v2\/pages\/4090","targetHints":{"allow":["GET"]}}],"collection":[{"href":"https:\/\/geelyracks.com\/eo\/wp-json\/wp\/v2\/pages"}],"about":[{"href":"https:\/\/geelyracks.com\/eo\/wp-json\/wp\/v2\/types\/page"}],"author":[{"embeddable":true,"href":"https:\/\/geelyracks.com\/eo\/wp-json\/wp\/v2\/users\/1"}],"replies":[{"embeddable":true,"href":"https:\/\/geelyracks.com\/eo\/wp-json\/wp\/v2\/comments?post=4090"}],"version-history":[{"count":0,"href":"https:\/\/geelyracks.com\/eo\/wp-json\/wp\/v2\/pages\/4090\/revisions"}],"wp:attachment":[{"href":"https:\/\/geelyracks.com\/eo\/wp-json\/wp\/v2\/media?parent=4090"}],"curies":[{"name":"wp","href":"https:\/\/api.w.org\/{rel}","templated":true}]}}