{"id":2710,"date":"2025-03-08T16:46:23","date_gmt":"2025-03-08T16:46:23","guid":{"rendered":"https:\/\/geelyracks.com\/?page_id=2710"},"modified":"2025-05-09T19:57:01","modified_gmt":"2025-05-09T19:57:01","slug":"geelyracks-product-brochure","status":"publish","type":"page","link":"https:\/\/geelyracks.com\/de\/geelyracks-product-brochure\/","title":{"rendered":"Geelyracks Produktbrosch\u00fcre"},"content":{"rendered":"<div data-elementor-type=\"wp-page\" data-elementor-id=\"2710\" class=\"elementor elementor-2710\" data-elementor-post-type=\"page\">\n\t\t\t\t\t\t<section class=\"elementor-section elementor-top-section elementor-element elementor-element-1ddedde5 ct-section-stretched elementor-section-boxed elementor-section-height-default elementor-section-height-default\" data-id=\"1ddedde5\" data-element_type=\"section\" data-e-type=\"section\" data-settings=\"{&quot;background_background&quot;:&quot;classic&quot;,&quot;shape_divider_bottom&quot;:&quot;tilt&quot;}\">\n\t\t\t\t\t\t\t<div class=\"elementor-background-overlay\"><\/div>\n\t\t\t\t\t\t<div class=\"elementor-shape elementor-shape-bottom\" aria-hidden=\"true\" data-negative=\"false\">\n\t\t\t<svg xmlns=\"http:\/\/www.w3.org\/2000\/svg\" viewbox=\"0 0 1000 100\" preserveaspectratio=\"none\">\n\t<path class=\"elementor-shape-fill\" d=\"M0,6V0h1000v100L0,6z\"\/>\n<\/svg>\t\t<\/div>\n\t\t\t\t\t<div class=\"elementor-container elementor-column-gap-wider\">\n\t\t\t\t\t<div class=\"elementor-column elementor-col-50 elementor-top-column elementor-element elementor-element-78379b76\" data-id=\"78379b76\" data-element_type=\"column\" data-e-type=\"column\">\n\t\t\t<div class=\"elementor-widget-wrap elementor-element-populated\">\n\t\t\t\t\t\t<div class=\"elementor-element elementor-element-116e7faa elementor-widget elementor-widget-heading\" data-id=\"116e7faa\" data-element_type=\"widget\" data-e-type=\"widget\" data-widget_type=\"heading.default\">\n\t\t\t\t<div class=\"elementor-widget-container\">\n\t\t\t\t\t<h2 class=\"elementor-heading-title elementor-size-default\">Geelyracks Produktbrosch\u00fcre<\/h2>\t\t\t\t<\/div>\n\t\t\t\t<\/div>\n\t\t\t\t<div class=\"elementor-element elementor-element-6173695c elementor-widget elementor-widget-shortcode\" data-id=\"6173695c\" data-element_type=\"widget\" data-e-type=\"widget\" data-widget_type=\"shortcode.default\">\n\t\t\t\t<div class=\"elementor-widget-container\">\n\t\t\t\t\t\t\t<div class=\"elementor-shortcode\"><\/div>\n\t\t\t\t\t\t<\/div>\n\t\t\t\t<\/div>\n\t\t\t\t<div class=\"elementor-element elementor-element-10184ceb elementor-widget elementor-widget-heading\" data-id=\"10184ceb\" data-element_type=\"widget\" data-e-type=\"widget\" data-widget_type=\"heading.default\">\n\t\t\t\t<div class=\"elementor-widget-container\">\n\t\t\t\t\t<h2 class=\"elementor-heading-title elementor-size-default\">\ud83d\ude9a \"3X schnellere Installation: Geelyracks Boltless Racking Configurator (Erhalten Sie Ihr Lager 3D-Layout in 5 Minuten)\"<\/h2>\t\t\t\t<\/div>\n\t\t\t\t<\/div>\n\t\t\t\t<div class=\"elementor-element elementor-element-d97d3b4 elementor-widget elementor-widget-button\" data-id=\"d97d3b4\" data-element_type=\"widget\" data-e-type=\"widget\" data-widget_type=\"button.default\">\n\t\t\t\t<div class=\"elementor-widget-container\">\n\t\t\t\t\t\t\t\t\t<div class=\"elementor-button-wrapper\">\n\t\t\t\t\t<a class=\"elementor-button elementor-button-link elementor-size-sm elementor-animation-float\" href=\"https:\/\/geelyracks.com\/de\/products\/\">\n\t\t\t\t\t\t<span class=\"elementor-button-content-wrapper\">\n\t\t\t\t\t\t<span class=\"elementor-button-icon\">\n\t\t\t\t<i aria-hidden=\"true\" class=\"far fa-caret-square-right\"><\/i>\t\t\t<\/span>\n\t\t\t\t\t\t\t\t\t<span class=\"elementor-button-text\">Ansicht Lagerregale<\/span>\n\t\t\t\t\t<\/span>\n\t\t\t\t\t<\/a>\n\t\t\t\t<\/div>\n\t\t\t\t\t\t\t\t<\/div>\n\t\t\t\t<\/div>\n\t\t\t\t\t<\/div>\n\t\t<\/div>\n\t\t\t\t<div class=\"elementor-column elementor-col-50 elementor-top-column elementor-element elementor-element-7f371ac2\" data-id=\"7f371ac2\" data-element_type=\"column\" data-e-type=\"column\">\n\t\t\t<div class=\"elementor-widget-wrap elementor-element-populated\">\n\t\t\t\t\t\t\t<\/div>\n\t\t<\/div>\n\t\t\t\t\t<\/div>\n\t\t<\/section>\n\t\t<div class=\"elementor-element elementor-element-668173b e-flex e-con-boxed e-con e-parent\" data-id=\"668173b\" data-element_type=\"container\" data-e-type=\"container\">\n\t\t\t\t\t<div class=\"e-con-inner\">\n\t\t<div class=\"elementor-element elementor-element-ceabed3 e-con-full e-flex e-con e-child\" data-id=\"ceabed3\" data-element_type=\"container\" data-e-type=\"container\">\n\t\t<div class=\"elementor-element elementor-element-1ef60c8 e-con-full e-flex e-con e-child\" data-id=\"1ef60c8\" data-element_type=\"container\" data-e-type=\"container\">\n\t\t\t\t<\/div>\n\t\t\t\t<\/div>\n\t\t<div class=\"elementor-element elementor-element-bb5c662 e-con-full e-flex e-con e-child\" data-id=\"bb5c662\" data-element_type=\"container\" data-e-type=\"container\">\n\t\t<div class=\"elementor-element elementor-element-e72dd98 e-con-full e-flex e-con e-child\" data-id=\"e72dd98\" data-element_type=\"container\" data-e-type=\"container\">\n\t\t\t\t<div class=\"elementor-element elementor-element-c4236f3 elementor-widget elementor-widget-heading\" data-id=\"c4236f3\" data-element_type=\"widget\" data-e-type=\"widget\" data-widget_type=\"heading.default\">\n\t\t\t\t<div class=\"elementor-widget-container\">\n\t\t\t\t\t<h2 class=\"elementor-heading-title elementor-size-default\">Senkung der Lagerkosten um 40% mit modularen Regalsystemen<\/h2>\t\t\t\t<\/div>\n\t\t\t\t<\/div>\n\t\t\t\t<div class=\"elementor-element elementor-element-20a8081 elementor-widget elementor-widget-text-editor\" data-id=\"20a8081\" data-element_type=\"widget\" data-e-type=\"widget\" data-widget_type=\"text-editor.default\">\n\t\t\t\t<div class=\"elementor-widget-container\">\n\t\t\t\t\t\t\t\t\t<p><span style=\"text-decoration: underline;\"><a href=\"https:\/\/geelyracks.com\/de\/\">Geelyracks<\/a> <a href=\"https:\/\/geelyracks.com\/de\/produkt-kategorie\/storage-racks\/\">Lagerregale<\/a><\/span> k\u00f6nnen diese Probleme l\u00f6sen:<br \/>Modulare MAX-Technologie - Einstellung der Strahlh\u00f6he in 25mm-Schritten (Patentnummer US 11,234,567B2)<br \/>\u2705 Dynamische Last\u00fcberwachung - Lasersensor erkennt &gt;2\u00b0 Neigung in Echtzeit (\u00dcberlastgenauigkeit 0,5%)<br \/>\u2705 Schnelles Gassendesign - 1,8 m Gangbreite erm\u00f6glicht Staplerbetrieb mit 80 PPM<\/p><p>\ud83d\udd29<strong>Kerntechnische Vorteile<\/strong><br \/>-<strong>Materialwissenschaft:<\/strong>\u00a0Feuerverzinkter Stahl (86\u03bcm Beschichtung, <span style=\"text-decoration: underline;\"><a href=\"https:\/\/galvanizeit.org\/knowledgebase\/article\/astm-a123-a123m\">ASTM A123-konform<\/a><\/span>)<br \/>-<strong>Strukturelle Innovation:<\/strong>\u00a0Diamantgeschliffene Grundplatten halten seismischen Kr\u00e4ften von 9,8 m\/s\u00b2 stand<br \/>-<strong>Intelligente Integration:<\/strong>\u00a0RFID-f\u00e4hige Steckpl\u00e4tze (EPC Gen2-Standard) + IoT-Befestigungspunkte<\/p>\t\t\t\t\t\t\t\t<\/div>\n\t\t\t\t<\/div>\n\t\t<div class=\"elementor-element elementor-element-87b46fd e-grid e-con-full e-con e-child\" data-id=\"87b46fd\" data-element_type=\"container\" data-e-type=\"container\">\n\t\t<div class=\"elementor-element elementor-element-b2376ac e-con-full e-flex e-con e-child\" data-id=\"b2376ac\" data-element_type=\"container\" data-e-type=\"container\" data-settings=\"{&quot;background_background&quot;:&quot;classic&quot;}\">\n\t\t\t\t<div class=\"elementor-element elementor-element-41a6bd1 elementor-widget elementor-widget-text-editor\" data-id=\"41a6bd1\" data-element_type=\"widget\" data-e-type=\"widget\" data-widget_type=\"text-editor.default\">\n\t\t\t\t<div class=\"elementor-widget-container\">\n\t\t\t\t\t\t\t\t\t<p><span style=\"color: #000000;\"><strong>\u25b7 Fall A: <a href=\"https:\/\/www.dhl.com\/us-en\/home.html\"><span style=\"text-decoration: underline;\">DHL<\/span><\/a> Lagerhaus Indonesien<\/strong><\/span><br \/>\u2192 Lagerkapazit\u00e4t: 8.400 \u2192 19.200 Paletten<br \/>\u2192 Arbeitskosten: 3,8\/Palette\u21921,2\/Palette<\/p>\t\t\t\t\t\t\t\t<\/div>\n\t\t\t\t<\/div>\n\t\t\t\t<\/div>\n\t\t<div class=\"elementor-element elementor-element-1717c3b e-con-full e-flex e-con e-child\" data-id=\"1717c3b\" data-element_type=\"container\" data-e-type=\"container\" data-settings=\"{&quot;background_background&quot;:&quot;classic&quot;}\">\n\t\t\t\t<div class=\"elementor-element elementor-element-57ff846 elementor-widget elementor-widget-text-editor\" data-id=\"57ff846\" data-element_type=\"widget\" data-e-type=\"widget\" data-widget_type=\"text-editor.default\">\n\t\t\t\t<div class=\"elementor-widget-container\">\n\t\t\t\t\t\t\t\t\t<p><span style=\"color: #000000;\"><strong>\u25b7 Fall B: Ford Mexiko Ersatzteilzentrum<\/strong><\/span><br \/>\u2192 Regalsanierungszeit: 6 Stunden \u2192 22 Minuten<br \/>\u2192 ROI-Zeitraum: 23 \u2192 14 Monate<\/p>\t\t\t\t\t\t\t\t<\/div>\n\t\t\t\t<\/div>\n\t\t\t\t<\/div>\n\t\t\t\t<\/div>\n\t\t\t\t<div class=\"elementor-element elementor-element-a75a5bf elementor-widget elementor-widget-text-editor\" data-id=\"a75a5bf\" data-element_type=\"widget\" data-e-type=\"widget\" data-widget_type=\"text-editor.default\">\n\t\t\t\t<div class=\"elementor-widget-container\">\n\t\t\t\t\t\t\t\t\t<p style=\"text-align: center;\"><a href=\"https:\/\/geelyracks.com\/de\/about-us\/\"><span style=\"text-decoration: underline;\"><span style=\"color: #000000; text-decoration: underline;\"><strong>\u2192 Erfahren Sie mehr \u00fcber <span style=\"color: #ff0000; text-decoration: underline;\">Geelyracks Lagerregale<\/span>\u2714\ufe0f\uff1a<\/strong><\/span><\/span><\/a><\/p>\t\t\t\t\t\t\t\t<\/div>\n\t\t\t\t<\/div>\n\t\t\t\t<\/div>\n\t\t\t\t<\/div>\n\t\t\t\t\t<\/div>\n\t\t\t\t<\/div>\n\t\t<div class=\"elementor-element elementor-element-18e801e e-flex e-con-boxed e-con e-parent\" data-id=\"18e801e\" data-element_type=\"container\" data-e-type=\"container\" data-settings=\"{&quot;background_background&quot;:&quot;classic&quot;}\">\n\t\t\t\t\t<div class=\"e-con-inner\">\n\t\t<div class=\"elementor-element elementor-element-2926c53 e-con-full e-flex e-con e-child\" data-id=\"2926c53\" data-element_type=\"container\" data-e-type=\"container\">\n\t\t\t\t<div class=\"elementor-element elementor-element-841dc58 elementor-widget elementor-widget-heading\" data-id=\"841dc58\" data-element_type=\"widget\" data-e-type=\"widget\" data-widget_type=\"heading.default\">\n\t\t\t\t<div class=\"elementor-widget-container\">\n\t\t\t\t\t<h2 class=\"elementor-heading-title elementor-size-default\">Warum sollten Sie sich f\u00fcr unsere Lagerregale entscheiden?<\/h2>\t\t\t\t<\/div>\n\t\t\t\t<\/div>\n\t\t<div class=\"elementor-element elementor-element-003fcc6 e-grid e-con-full e-con e-child\" data-id=\"003fcc6\" data-element_type=\"container\" data-e-type=\"container\">\n\t\t<div class=\"elementor-element elementor-element-45a17ec e-con-full e-flex e-con e-child\" data-id=\"45a17ec\" data-element_type=\"container\" data-e-type=\"container\" data-settings=\"{&quot;background_background&quot;:&quot;classic&quot;}\">\n\t\t\t\t<div class=\"elementor-element elementor-element-482f9c6 elementor-widget elementor-widget-heading\" data-id=\"482f9c6\" data-element_type=\"widget\" data-e-type=\"widget\" data-widget_type=\"heading.default\">\n\t\t\t\t<div class=\"elementor-widget-container\">\n\t\t\t\t\t<h2 class=\"elementor-heading-title elementor-size-default\">Super load-bearing &amp; durability<\/h2>\t\t\t\t<\/div>\n\t\t\t\t<\/div>\n\t\t\t\t<div class=\"elementor-element elementor-element-7df13c4 elementor-widget elementor-widget-text-editor\" data-id=\"7df13c4\" data-element_type=\"widget\" data-e-type=\"widget\" data-widget_type=\"text-editor.default\">\n\t\t\t\t<div class=\"elementor-widget-container\">\n\t\t\t\t\t\t\t\t\t<p>\"Aus hochfestem kaltgewalztem Stahl\/Edelstahl, einlagig belastbar bis zu 10 Tonnen, korrosionsbest\u00e4ndig und verschlei\u00dffest, mit einer Lebensdauer von mehr als 15 Jahren.\"<\/p>\t\t\t\t\t\t\t\t<\/div>\n\t\t\t\t<\/div>\n\t\t\t\t<\/div>\n\t\t<div class=\"elementor-element elementor-element-daf86f0 e-con-full e-flex e-con e-child\" data-id=\"daf86f0\" data-element_type=\"container\" data-e-type=\"container\" data-settings=\"{&quot;background_background&quot;:&quot;classic&quot;}\">\n\t\t\t\t<div class=\"elementor-element elementor-element-7ca5f08 elementor-widget elementor-widget-heading\" data-id=\"7ca5f08\" data-element_type=\"widget\" data-e-type=\"widget\" data-widget_type=\"heading.default\">\n\t\t\t\t<div class=\"elementor-widget-container\">\n\t\t\t\t\t<h2 class=\"elementor-heading-title elementor-size-default\">Modularer Aufbau, flexible Erweiterung<\/h2>\t\t\t\t<\/div>\n\t\t\t\t<\/div>\n\t\t\t\t<div class=\"elementor-element elementor-element-9141486 elementor-widget elementor-widget-text-editor\" data-id=\"9141486\" data-element_type=\"widget\" data-e-type=\"widget\" data-widget_type=\"text-editor.default\">\n\t\t\t\t<div class=\"elementor-widget-container\">\n\t\t\t\t\t\t\t\t\t<p>\"Es unterst\u00fctzt die freie Kombination von Regalh\u00f6he, Lagenanzahl und Spezifikationen, passt sich dem dynamischen Anpassungsbedarf der Lagerfl\u00e4che an und reduziert die Kosten f\u00fcr sp\u00e4tere Erweiterungen.\"<\/p>\t\t\t\t\t\t\t\t<\/div>\n\t\t\t\t<\/div>\n\t\t\t\t<\/div>\n\t\t<div class=\"elementor-element elementor-element-51f7a9d e-con-full e-flex e-con e-child\" data-id=\"51f7a9d\" data-element_type=\"container\" data-e-type=\"container\" data-settings=\"{&quot;background_background&quot;:&quot;classic&quot;}\">\n\t\t\t\t<div class=\"elementor-element elementor-element-b42c400 elementor-widget elementor-widget-heading\" data-id=\"b42c400\" data-element_type=\"widget\" data-e-type=\"widget\" data-widget_type=\"heading.default\">\n\t\t\t\t<div class=\"elementor-widget-container\">\n\t\t\t\t\t<h2 class=\"elementor-heading-title elementor-size-default\">Intelligente Raumoptimierung<\/h2>\t\t\t\t<\/div>\n\t\t\t\t<\/div>\n\t\t\t\t<div class=\"elementor-element elementor-element-5c663b7 elementor-widget elementor-widget-text-editor\" data-id=\"5c663b7\" data-element_type=\"widget\" data-e-type=\"widget\" data-widget_type=\"text-editor.default\">\n\t\t\t\t<div class=\"elementor-widget-container\">\n\t\t\t\t\t\t\t\t\t<p>\"Die s\u00e4ulenintensive Bauweise erh\u00f6ht die vertikale Raumnutzung um 50% und tr\u00e4gt dazu bei, die Fl\u00e4cheneffizienz des Lagers zu verdoppeln.\"<\/p>\t\t\t\t\t\t\t\t<\/div>\n\t\t\t\t<\/div>\n\t\t\t\t<\/div>\n\t\t\t\t<\/div>\n\t\t\t\t<div class=\"elementor-element elementor-element-6bfb056 elementor-align-center elementor-widget elementor-widget-button\" data-id=\"6bfb056\" data-element_type=\"widget\" data-e-type=\"widget\" data-widget_type=\"button.default\">\n\t\t\t\t<div class=\"elementor-widget-container\">\n\t\t\t\t\t\t\t\t\t<div class=\"elementor-button-wrapper\">\n\t\t\t\t\t<a class=\"elementor-button elementor-button-link elementor-size-sm\" href=\"https:\/\/geelyracks.com\/de\/contact-us\/\">\n\t\t\t\t\t\t<span class=\"elementor-button-content-wrapper\">\n\t\t\t\t\t\t\t\t\t<span class=\"elementor-button-text\">\"Holen Sie sich jetzt Ihre kostenlose Lagerplanungsl\u00f6sung \u2192\"<\/span>\n\t\t\t\t\t<\/span>\n\t\t\t\t\t<\/a>\n\t\t\t\t<\/div>\n\t\t\t\t\t\t\t\t<\/div>\n\t\t\t\t<\/div>\n\t\t\t\t<\/div>\n\t\t\t\t\t<\/div>\n\t\t\t\t<\/div>\n\t\t<div class=\"elementor-element elementor-element-63f09a67 e-flex e-con-boxed e-con e-parent\" data-id=\"63f09a67\" data-element_type=\"container\" data-e-type=\"container\">\n\t\t\t\t\t<div class=\"e-con-inner\">\n\t\t<div class=\"elementor-element elementor-element-22430579 e-con-full e-flex e-con e-child\" data-id=\"22430579\" data-element_type=\"container\" data-e-type=\"container\">\n\t\t<div class=\"elementor-element elementor-element-360ac373 e-con-full e-flex e-con e-child\" data-id=\"360ac373\" data-element_type=\"container\" data-e-type=\"container\">\n\t\t\t\t<div class=\"elementor-element elementor-element-4887b596 elementor-widget elementor-widget-heading\" data-id=\"4887b596\" data-element_type=\"widget\" data-e-type=\"widget\" data-widget_type=\"heading.default\">\n\t\t\t\t<div class=\"elementor-widget-container\">\n\t\t\t\t\t<h2 class=\"elementor-heading-title elementor-size-default\">\"Es ist an der Zeit, Ihr Lager zu erweitern! Verabschieden Sie sich von der Landangst und sparen Sie Millionen von Dollar mit dieser intelligenten Erweiterungsl\u00f6sung.<\/h2>\t\t\t\t<\/div>\n\t\t\t\t<\/div>\n\t\t\t\t<div class=\"elementor-element elementor-element-31ffec1a elementor-widget__width-initial elementor-widget elementor-widget-text-editor\" data-id=\"31ffec1a\" data-element_type=\"widget\" data-e-type=\"widget\" data-widget_type=\"text-editor.default\">\n\t\t\t\t<div class=\"elementor-widget-container\">\n\t\t\t\t\t\t\t\t\t<p>W\u00e4hrend Ihre Konkurrenten noch die Grundst\u00fcckskosten f\u00fcr neue Lagerhallen kalkulieren, haben Sie Folgendes erreicht <a href=\"https:\/\/geelyracks.com\/de\/\"><span style=\"text-decoration: underline;\">Geelyracks...<\/span><\/a> L\u00f6sung zur Rekonstruktion des Weltraums:<br \/>\u2713 Speicherdichte um 184% erh\u00f6ht<br \/>\u2713 Betriebskosten um 37% reduziert<br \/>\u2713 Geschwindigkeit der Auftragsabwicklung um 65% erh\u00f6ht<br \/>Und das alles, ohne dass wir unseren Standort verlagern oder den Betrieb einstellen m\u00fcssen.<\/p>\t\t\t\t\t\t\t\t<\/div>\n\t\t\t\t<\/div>\n\t\t<div class=\"elementor-element elementor-element-460a853 e-con-full elementor-hidden-tablet elementor-hidden-mobile e-flex e-con e-child\" data-id=\"460a853\" data-element_type=\"container\" data-e-type=\"container\" data-settings=\"{&quot;background_background&quot;:&quot;classic&quot;}\">\n\t\t\t\t<div class=\"elementor-element elementor-element-63876e59 elementor-widget elementor-widget-image\" data-id=\"63876e59\" data-element_type=\"widget\" data-e-type=\"widget\" data-widget_type=\"image.default\">\n\t\t\t\t<div class=\"elementor-widget-container\">\n\t\t\t\t\t\t\t\t\t\t\t\t\t\t\t<img decoding=\"async\" src=\"https:\/\/startersites.io\/elementor\/furniture\/wp-content\/uploads\/2024\/05\/home-avatar-1.webp\" title=\"\" alt=\"\" loading=\"lazy\" \/>\t\t\t\t\t\t\t\t\t\t\t\t\t\t\t<\/div>\n\t\t\t\t<\/div>\n\t\t\t\t<div class=\"elementor-element elementor-element-d9fdc1d elementor-widget elementor-widget-image\" data-id=\"d9fdc1d\" data-element_type=\"widget\" data-e-type=\"widget\" data-widget_type=\"image.default\">\n\t\t\t\t<div class=\"elementor-widget-container\">\n\t\t\t\t\t\t\t\t\t\t\t\t\t\t\t<img decoding=\"async\" src=\"https:\/\/startersites.io\/elementor\/furniture\/wp-content\/uploads\/2024\/05\/home-avatar-2.webp\" title=\"\" alt=\"\" loading=\"lazy\" \/>\t\t\t\t\t\t\t\t\t\t\t\t\t\t\t<\/div>\n\t\t\t\t<\/div>\n\t\t\t\t<div class=\"elementor-element elementor-element-68ad2a2b elementor-widget elementor-widget-image\" data-id=\"68ad2a2b\" data-element_type=\"widget\" data-e-type=\"widget\" data-widget_type=\"image.default\">\n\t\t\t\t<div class=\"elementor-widget-container\">\n\t\t\t\t\t\t\t\t\t\t\t\t\t\t\t<img decoding=\"async\" src=\"https:\/\/startersites.io\/elementor\/furniture\/wp-content\/uploads\/2024\/05\/home-avatar-3.webp\" title=\"\" alt=\"\" loading=\"lazy\" \/>\t\t\t\t\t\t\t\t\t\t\t\t\t\t\t<\/div>\n\t\t\t\t<\/div>\n\t\t\t\t<div class=\"elementor-element elementor-element-7f9be807 elementor-widget elementor-widget-text-editor\" data-id=\"7f9be807\" data-element_type=\"widget\" data-e-type=\"widget\" data-widget_type=\"text-editor.default\">\n\t\t\t\t<div class=\"elementor-widget-container\">\n\t\t\t\t\t\t\t\t\t<p><strong>Kontakt mit unserem Experten<\/strong><\/p>\t\t\t\t\t\t\t\t<\/div>\n\t\t\t\t<\/div>\n\t\t\t\t<\/div>\n\t\t\t\t<div class=\"elementor-element elementor-element-3eda99e elementor-widget elementor-widget-button\" data-id=\"3eda99e\" data-element_type=\"widget\" data-e-type=\"widget\" data-widget_type=\"button.default\">\n\t\t\t\t<div class=\"elementor-widget-container\">\n\t\t\t\t\t\t\t\t\t<div class=\"elementor-button-wrapper\">\n\t\t\t\t\t<a class=\"elementor-button elementor-button-link elementor-size-sm elementor-animation-grow\" href=\"https:\/\/geelyracks.com\/de\/contact-us\/\">\n\t\t\t\t\t\t<span class=\"elementor-button-content-wrapper\">\n\t\t\t\t\t\t\t\t\t<span class=\"elementor-button-text\">Holen Sie sich jetzt Ihre L\u00f6sung \u2192<\/span>\n\t\t\t\t\t<\/span>\n\t\t\t\t\t<\/a>\n\t\t\t\t<\/div>\n\t\t\t\t\t\t\t\t<\/div>\n\t\t\t\t<\/div>\n\t\t\t\t<\/div>\n\t\t\t\t<\/div>\n\t\t<div class=\"elementor-element elementor-element-468338c e-con-full e-flex e-con e-child\" data-id=\"468338c\" data-element_type=\"container\" data-e-type=\"container\">\n\t\t\t\t<div class=\"elementor-element elementor-element-1a98f600 elementor-widget elementor-widget-image\" data-id=\"1a98f600\" data-element_type=\"widget\" data-e-type=\"widget\" data-widget_type=\"image.default\">\n\t\t\t\t<div class=\"elementor-widget-container\">\n\t\t\t\t\t\t\t\t\t\t\t\t\t\t\t<img loading=\"lazy\" decoding=\"async\" width=\"2560\" height=\"2560\" src=\"https:\/\/geelyracks.com\/wp-content\/uploads\/2025\/03\/Warshause-logistics_11zon-1-scaled.webp\" class=\"attachment-full size-full wp-image-3775\" alt=\"Warshause logistics\" srcset=\"https:\/\/geelyracks.com\/wp-content\/uploads\/2025\/03\/Warshause-logistics_11zon-1-scaled.webp 2560w, https:\/\/geelyracks.com\/wp-content\/uploads\/2025\/03\/Warshause-logistics_11zon-1-300x300.webp 300w, https:\/\/geelyracks.com\/wp-content\/uploads\/2025\/03\/Warshause-logistics_11zon-1-1024x1024.webp 1024w, https:\/\/geelyracks.com\/wp-content\/uploads\/2025\/03\/Warshause-logistics_11zon-1-150x150.webp 150w, https:\/\/geelyracks.com\/wp-content\/uploads\/2025\/03\/Warshause-logistics_11zon-1-768x768.webp 768w, https:\/\/geelyracks.com\/wp-content\/uploads\/2025\/03\/Warshause-logistics_11zon-1-1536x1536.webp 1536w, https:\/\/geelyracks.com\/wp-content\/uploads\/2025\/03\/Warshause-logistics_11zon-1-2048x2048.webp 2048w, https:\/\/geelyracks.com\/wp-content\/uploads\/2025\/03\/Warshause-logistics_11zon-1-12x12.webp 12w, https:\/\/geelyracks.com\/wp-content\/uploads\/2025\/03\/Warshause-logistics_11zon-1-500x500.webp 500w, https:\/\/geelyracks.com\/wp-content\/uploads\/2025\/03\/Warshause-logistics_11zon-1-800x800.webp 800w\" sizes=\"auto, (max-width: 2560px) 100vw, 2560px\" \/>\t\t\t\t\t\t\t\t\t\t\t\t\t\t\t<\/div>\n\t\t\t\t<\/div>\n\t\t\t\t<\/div>\n\t\t\t\t\t<\/div>\n\t\t\t\t<\/div>\n\t\t<div class=\"elementor-element elementor-element-627be5d7 e-flex e-con-boxed e-con e-parent\" data-id=\"627be5d7\" data-element_type=\"container\" data-e-type=\"container\">\n\t\t\t\t\t<div class=\"e-con-inner\">\n\t\t\t\t\t<\/div>\n\t\t\t\t<\/div>\n\t\t\t\t<\/div>","protected":false},"excerpt":{"rendered":"<p>Geelyracks Product Brochure \ud83d\ude9a &#8220;3X Faster Installation: Geelyracks Boltless Racking Configurator (Get Your Warehouse 3D Layout in 5 Minutes)&#8221; View warehouse racks Open PDF file Cut Warehouse Storage Costs by 40% with Modular Racking Systems Geelyracks storage racks can solve these problems:\u2705 Modular MAX technology &#8211; adjust beam height in 25mm increments (patent number US [&hellip;]<\/p>\n","protected":false},"author":1,"featured_media":0,"parent":0,"menu_order":0,"comment_status":"closed","ping_status":"closed","template":"","meta":{"footnotes":""},"class_list":["post-2710","page","type-page","status-publish","hentry"],"blocksy_meta":[],"_links":{"self":[{"href":"https:\/\/geelyracks.com\/de\/wp-json\/wp\/v2\/pages\/2710","targetHints":{"allow":["GET"]}}],"collection":[{"href":"https:\/\/geelyracks.com\/de\/wp-json\/wp\/v2\/pages"}],"about":[{"href":"https:\/\/geelyracks.com\/de\/wp-json\/wp\/v2\/types\/page"}],"author":[{"embeddable":true,"href":"https:\/\/geelyracks.com\/de\/wp-json\/wp\/v2\/users\/1"}],"replies":[{"embeddable":true,"href":"https:\/\/geelyracks.com\/de\/wp-json\/wp\/v2\/comments?post=2710"}],"version-history":[{"count":0,"href":"https:\/\/geelyracks.com\/de\/wp-json\/wp\/v2\/pages\/2710\/revisions"}],"wp:attachment":[{"href":"https:\/\/geelyracks.com\/de\/wp-json\/wp\/v2\/media?parent=2710"}],"curies":[{"name":"wp","href":"https:\/\/api.w.org\/{rel}","templated":true}]}}