{"id":5535,"date":"2025-05-11T08:24:06","date_gmt":"2025-05-11T08:24:06","guid":{"rendered":"https:\/\/geelyracks.com\/?post_type=product&#038;p=5535"},"modified":"2025-05-11T08:24:06","modified_gmt":"2025-05-11T08:24:06","slug":"automatiseret-loftesystem-til-lager","status":"publish","type":"product","link":"https:\/\/geelyracks.com\/da\/vare\/automatiseret-loftesystem-til-lager\/","title":{"rendered":"Automatiseret personl\u00f8fter til lager | Kraftigt lodret l\u00f8ftesystem - Geelyracks"},"content":{"rendered":"<h3 class=\"\" data-start=\"90\" data-end=\"123\">\ud83d\udccb <strong data-start=\"97\" data-end=\"123\">Produktfunktioner Bord<\/strong><\/h3>\n<div class=\"_tableContainer_16hzy_1\">\n<div class=\"_tableWrapper_16hzy_14 group flex w-fit flex-col-reverse\" tabindex=\"-1\">\n<table class=\"w-fit min-w-(--thread-content-width)\" data-start=\"125\" data-end=\"1611\">\n<thead data-start=\"125\" data-end=\"223\">\n<tr data-start=\"125\" data-end=\"223\">\n<th data-start=\"125\" data-end=\"152\" data-col-size=\"sm\"><strong data-start=\"127\" data-end=\"140\">Attribut<\/strong><\/th>\n<th data-start=\"152\" data-end=\"223\" data-col-size=\"md\"><strong data-start=\"154\" data-end=\"171\">Specifikation<\/strong><\/th>\n<\/tr>\n<\/thead>\n<tbody data-start=\"324\" data-end=\"1611\">\n<tr data-start=\"324\" data-end=\"422\">\n<td data-start=\"324\" data-end=\"351\" data-col-size=\"sm\"><strong data-start=\"326\" data-end=\"342\">Produktets navn<\/strong><\/td>\n<td data-col-size=\"md\" data-start=\"351\" data-end=\"422\">Automatiseret personl\u00f8fter<\/td>\n<\/tr>\n<tr data-start=\"423\" data-end=\"521\">\n<td data-start=\"423\" data-end=\"450\" data-col-size=\"sm\"><strong data-start=\"425\" data-end=\"434\">Brand<\/strong><\/td>\n<td data-col-size=\"md\" data-start=\"450\" data-end=\"521\">Geelyracks<\/td>\n<\/tr>\n<tr data-start=\"522\" data-end=\"621\">\n<td data-start=\"522\" data-end=\"549\" data-col-size=\"sm\"><strong data-start=\"524\" data-end=\"533\">Model<\/strong><\/td>\n<td data-col-size=\"md\" data-start=\"549\" data-end=\"621\">JL-10-022<\/td>\n<\/tr>\n<tr data-start=\"622\" data-end=\"720\">\n<td data-start=\"622\" data-end=\"649\" data-col-size=\"sm\"><strong data-start=\"624\" data-end=\"636\">Materiale<\/strong><\/td>\n<td data-start=\"649\" data-end=\"720\" data-col-size=\"md\"><strong data-start=\"651\" data-end=\"660\">St\u00e5l<\/strong><\/td>\n<\/tr>\n<tr data-start=\"721\" data-end=\"819\">\n<td data-start=\"721\" data-end=\"748\" data-col-size=\"sm\"><strong data-start=\"723\" data-end=\"744\">Overfladebehandling<\/strong><\/td>\n<td data-col-size=\"md\" data-start=\"748\" data-end=\"819\"><strong data-start=\"750\" data-end=\"782\">Elektrostatisk pulverlakering<\/strong><\/td>\n<\/tr>\n<tr data-start=\"820\" data-end=\"918\">\n<td data-start=\"820\" data-end=\"847\" data-col-size=\"sm\"><strong data-start=\"822\" data-end=\"839\">Belastningskapacitet<\/strong><\/td>\n<td data-start=\"847\" data-end=\"918\" data-col-size=\"md\"><strong data-start=\"849\" data-end=\"881\">500 kg\/palle - 3000 kg\/palle<\/strong> (kan tilpasses)<\/td>\n<\/tr>\n<tr data-start=\"919\" data-end=\"1017\">\n<td data-start=\"919\" data-end=\"946\" data-col-size=\"sm\"><strong data-start=\"921\" data-end=\"930\">Farve<\/strong><\/td>\n<td data-col-size=\"md\" data-start=\"946\" data-end=\"1017\"><strong data-start=\"948\" data-end=\"964\">Kan tilpasses<\/strong><\/td>\n<\/tr>\n<tr data-start=\"1018\" data-end=\"1116\">\n<td data-start=\"1018\" data-end=\"1045\" data-col-size=\"sm\"><strong data-start=\"1020\" data-end=\"1034\">Dimensioner<\/strong><\/td>\n<td data-col-size=\"md\" data-start=\"1045\" data-end=\"1116\"><strong data-start=\"1047\" data-end=\"1092\">Specialdesignet efter behov<\/strong><\/td>\n<\/tr>\n<tr data-start=\"1117\" data-end=\"1215\">\n<td data-start=\"1117\" data-end=\"1144\" data-col-size=\"sm\"><strong data-start=\"1119\" data-end=\"1134\">Anvendelse<\/strong><\/td>\n<td data-start=\"1144\" data-end=\"1215\" data-col-size=\"md\"><strong data-start=\"1146\" data-end=\"1169\">Automatiseret lager<\/strong>, Vertikale l\u00f8ftesystemer<\/td>\n<\/tr>\n<tr data-start=\"1216\" data-end=\"1314\">\n<td data-start=\"1216\" data-end=\"1243\" data-col-size=\"sm\"><strong data-start=\"1218\" data-end=\"1236\">Design-service<\/strong><\/td>\n<td data-col-size=\"md\" data-start=\"1243\" data-end=\"1314\"><strong data-start=\"1245\" data-end=\"1269\">Gratis design leveres<\/strong><\/td>\n<\/tr>\n<tr data-start=\"1315\" data-end=\"1413\">\n<td data-start=\"1315\" data-end=\"1342\" data-col-size=\"sm\"><strong data-start=\"1317\" data-end=\"1336\">OEM\/ODM-support<\/strong><\/td>\n<td data-col-size=\"md\" data-start=\"1342\" data-end=\"1413\"><strong data-start=\"1344\" data-end=\"1357\">Tilg\u00e6ngelig<\/strong><\/td>\n<\/tr>\n<tr data-start=\"1414\" data-end=\"1512\">\n<td data-start=\"1414\" data-end=\"1441\" data-col-size=\"sm\"><strong data-start=\"1416\" data-end=\"1433\">Vigtig fordel<\/strong><\/td>\n<td data-col-size=\"md\" data-start=\"1441\" data-end=\"1512\"><strong data-start=\"1443\" data-end=\"1478\">20 \u00e5rs erfaring i branchen<\/strong><\/td>\n<\/tr>\n<tr data-start=\"1513\" data-end=\"1611\">\n<td data-start=\"1513\" data-end=\"1540\" data-col-size=\"sm\"><strong data-start=\"1515\" data-end=\"1532\">Leveringstid<\/strong><\/td>\n<td data-col-size=\"md\" data-start=\"1540\" data-end=\"1611\"><strong data-start=\"1542\" data-end=\"1557\">90-120 dage<\/strong>, afh\u00e6ngigt af tilpasningens kompleksitet<\/td>\n<\/tr>\n<\/tbody>\n<\/table>\n<\/div>\n<\/div>\n<figure id=\"attachment_5536\" aria-describedby=\"caption-attachment-5536\" style=\"width: 564px\" class=\"wp-caption alignnone\"><img loading=\"lazy\" decoding=\"async\" class=\"wp-image-5536\" src=\"https:\/\/geelyracks.com\/wp-content\/uploads\/2025\/05\/Automated-Lifter-for-Warehouse-Vertical-Transport-System.jpg\" alt=\"Automatiseret l\u00f8fteanordning til vertikalt transportsystem p\u00e5 lageret\" width=\"564\" height=\"598\" srcset=\"https:\/\/geelyracks.com\/wp-content\/uploads\/2025\/05\/Automated-Lifter-for-Warehouse-Vertical-Transport-System.jpg 857w, https:\/\/geelyracks.com\/wp-content\/uploads\/2025\/05\/Automated-Lifter-for-Warehouse-Vertical-Transport-System-283x300.jpg 283w, https:\/\/geelyracks.com\/wp-content\/uploads\/2025\/05\/Automated-Lifter-for-Warehouse-Vertical-Transport-System-768x814.jpg 768w, https:\/\/geelyracks.com\/wp-content\/uploads\/2025\/05\/Automated-Lifter-for-Warehouse-Vertical-Transport-System-11x12.jpg 11w, https:\/\/geelyracks.com\/wp-content\/uploads\/2025\/05\/Automated-Lifter-for-Warehouse-Vertical-Transport-System-500x530.jpg 500w, https:\/\/geelyracks.com\/wp-content\/uploads\/2025\/05\/Automated-Lifter-for-Warehouse-Vertical-Transport-System-800x848.jpg 800w\" sizes=\"auto, (max-width: 564px) 100vw, 564px\" \/><figcaption id=\"caption-attachment-5536\" class=\"wp-caption-text\">Automatiseret l\u00f8fteanordning til vertikalt transportsystem p\u00e5 lageret<\/figcaption><\/figure>\n<p class=\"\" data-start=\"736\" data-end=\"1213\">Den <strong data-start=\"740\" data-end=\"760\">automatiseret personl\u00f8fter<\/strong> fra Geelyracks er en kraftfuld og tilpasselig l\u00f8sning til lodret materialetransport i moderne <strong data-start=\"864\" data-end=\"887\">Automatiseret lager<\/strong> milj\u00f8er. Bygget med h\u00f8j styrke <strong data-start=\"927\" data-end=\"936\">st\u00e5l<\/strong> Denne pallel\u00f8fter, der er overfladebehandlet med elektrostatisk pulverlakering, har en enest\u00e5ende holdbarhed og korrosionsbestandighed. Den underst\u00f8tter belastningskapaciteter fra 500 kg til 3000 kg pr. palle og kan tilpasses fuldt ud med hensyn til dimensioner og farve, s\u00e5 den passer til forskellige lagerkrav.<\/p>\n<p class=\"\" data-start=\"1215\" data-end=\"1590\">Med over 20 \u00e5rs erfaring leverer Geelyracks <strong data-start=\"1269\" data-end=\"1290\">Automatiske l\u00f8ftere<\/strong> der er konstrueret til effektivitet, sikkerhed og langsigtet p\u00e5lidelighed. OEM- og ODM-muligheder er tilg\u00e6ngelige, og der tilbydes gratis designkonsultation for at sikre optimal integration i dit lagersystem. Den typiske leveringstid ligger mellem 90-120 dage, afh\u00e6ngigt af dine projektspecifikationer.<\/p>\n<p class=\"\" data-start=\"1592\" data-end=\"1778\">Uanset om du opgraderer dine logistikaktiviteter eller bygger en ny <strong data-start=\"1661\" data-end=\"1703\">automatiseret lagrings- og genfindingssystem<\/strong>, dette <strong data-start=\"1710\" data-end=\"1730\">automatiseret personl\u00f8fter<\/strong> er et omkostningseffektivt valg med h\u00f8j ydeevne.<\/p>\n<p data-start=\"1592\" data-end=\"1778\">\n<p data-start=\"1592\" data-end=\"1778\"><a href=\"https:\/\/geelyracks.com\/da\/faq\/\">OFTE STILLEDE SP\u00d8RGSM\u00c5L<\/a><\/p>","protected":false},"excerpt":{"rendered":"<p class=\"\" data-start=\"498\" data-end=\"697\"><strong data-start=\"498\" data-end=\"518\">H\u00f8j ydeevne<\/strong> <strong data-start=\"519\" data-end=\"539\">automatiseret personl\u00f8fter<\/strong> designet til lodret materialeh\u00e5ndtering i automatiserede lagersystemer. Underst\u00f8tter en belastningskapacitet p\u00e5 500-3000 kg og tilbyder fuld tilpasning af st\u00f8rrelse og farve.<\/p>","protected":false},"featured_media":5536,"template":"","meta":[],"product_brand":[],"product_cat":[15],"product_tag":[],"class_list":{"0":"post-5535","1":"product","2":"type-product","3":"status-publish","4":"has-post-thumbnail","6":"product_cat-shuttle-racking","8":"first","9":"instock","10":"shipping-taxable","11":"product-type-simple"},"ct_brands":[],"_links":{"self":[{"href":"https:\/\/geelyracks.com\/da\/wp-json\/wp\/v2\/product\/5535","targetHints":{"allow":["GET"]}}],"collection":[{"href":"https:\/\/geelyracks.com\/da\/wp-json\/wp\/v2\/product"}],"about":[{"href":"https:\/\/geelyracks.com\/da\/wp-json\/wp\/v2\/types\/product"}],"version-history":[{"count":0,"href":"https:\/\/geelyracks.com\/da\/wp-json\/wp\/v2\/product\/5535\/revisions"}],"wp:featuredmedia":[{"embeddable":true,"href":"https:\/\/geelyracks.com\/da\/wp-json\/wp\/v2\/media\/5536"}],"wp:attachment":[{"href":"https:\/\/geelyracks.com\/da\/wp-json\/wp\/v2\/media?parent=5535"}],"wp:term":[{"taxonomy":"product_brand","embeddable":true,"href":"https:\/\/geelyracks.com\/da\/wp-json\/wp\/v2\/product_brand?post=5535"},{"taxonomy":"product_cat","embeddable":true,"href":"https:\/\/geelyracks.com\/da\/wp-json\/wp\/v2\/product_cat?post=5535"},{"taxonomy":"product_tag","embeddable":true,"href":"https:\/\/geelyracks.com\/da\/wp-json\/wp\/v2\/product_tag?post=5535"}],"curies":[{"name":"wp","href":"https:\/\/api.w.org\/{rel}","templated":true}]}}