{"id":5305,"date":"2025-05-10T09:12:42","date_gmt":"2025-05-10T09:12:42","guid":{"rendered":"https:\/\/geelyracks.com\/?post_type=product&#038;p=5305"},"modified":"2025-05-10T09:12:42","modified_gmt":"2025-05-10T09:12:42","slug":"pallereoler-med-stalnet","status":"publish","type":"product","link":"https:\/\/geelyracks.com\/da\/vare\/pallereoler-med-stalnet\/","title":{"rendered":"Pallereoler med st\u00e5lnetbj\u00e6lker - kraftig, skr\u00e6ddersyet lagerl\u00f8sning"},"content":{"rendered":"<h3 class=\"\" data-start=\"93\" data-end=\"126\">\ud83d\udce6 <strong data-start=\"100\" data-end=\"126\">Produktspecifikationer<\/strong><\/h3>\n<div class=\"_tableContainer_16hzy_1\">\n<div class=\"_tableWrapper_16hzy_14 group flex w-fit flex-col-reverse\" tabindex=\"-1\">\n<table class=\"w-fit min-w-(--thread-content-width)\" style=\"height: 604px;\" width=\"857\" data-start=\"128\" data-end=\"2697\">\n<thead data-start=\"128\" data-end=\"234\">\n<tr data-start=\"128\" data-end=\"234\">\n<th data-start=\"128\" data-end=\"155\" data-col-size=\"sm\"><strong data-start=\"130\" data-end=\"143\">Attribut<\/strong><\/th>\n<th data-start=\"155\" data-end=\"234\" data-col-size=\"xl\"><strong data-start=\"157\" data-end=\"168\">Detaljer<\/strong><\/th>\n<\/tr>\n<\/thead>\n<tbody data-start=\"343\" data-end=\"2697\">\n<tr data-start=\"343\" data-end=\"449\">\n<td data-start=\"343\" data-end=\"370\" data-col-size=\"sm\"><strong data-start=\"345\" data-end=\"357\">Materiale<\/strong><\/td>\n<td data-col-size=\"xl\" data-start=\"370\" data-end=\"449\">St\u00e5l<\/td>\n<\/tr>\n<tr data-start=\"450\" data-end=\"556\">\n<td data-start=\"450\" data-end=\"477\" data-col-size=\"sm\"><strong data-start=\"452\" data-end=\"464\">Montering<\/strong><\/td>\n<td data-start=\"477\" data-end=\"556\" data-col-size=\"xl\">Let at samle<\/td>\n<\/tr>\n<tr data-start=\"557\" data-end=\"663\">\n<td data-start=\"557\" data-end=\"584\" data-col-size=\"sm\"><strong data-start=\"559\" data-end=\"572\">Struktur<\/strong><\/td>\n<td data-start=\"584\" data-end=\"663\" data-col-size=\"xl\">Justerbare bj\u00e6lker (op og ned)<\/td>\n<\/tr>\n<tr data-start=\"664\" data-end=\"770\">\n<td data-start=\"664\" data-end=\"691\" data-col-size=\"sm\"><strong data-start=\"666\" data-end=\"675\">Brand<\/strong><\/td>\n<td data-start=\"691\" data-end=\"770\" data-col-size=\"xl\">Geelyracks<\/td>\n<\/tr>\n<tr data-start=\"771\" data-end=\"878\">\n<td data-start=\"771\" data-end=\"798\" data-col-size=\"sm\"><strong data-start=\"773\" data-end=\"782\">Model<\/strong><\/td>\n<td data-col-size=\"xl\" data-start=\"798\" data-end=\"878\">JL-01-001<\/td>\n<\/tr>\n<tr data-start=\"879\" data-end=\"985\">\n<td data-start=\"879\" data-end=\"906\" data-col-size=\"sm\"><strong data-start=\"881\" data-end=\"897\">Produktets navn<\/strong><\/td>\n<td data-col-size=\"xl\" data-start=\"906\" data-end=\"985\">Pallereoler med st\u00e5lnetbj\u00e6lker<\/td>\n<\/tr>\n<tr data-start=\"986\" data-end=\"1092\">\n<td data-start=\"986\" data-end=\"1013\" data-col-size=\"sm\"><strong data-start=\"988\" data-end=\"998\">Lag<\/strong><\/td>\n<td data-col-size=\"xl\" data-start=\"1013\" data-end=\"1092\">2 lag - flere lag<\/td>\n<\/tr>\n<tr data-start=\"1093\" data-end=\"1200\">\n<td data-start=\"1093\" data-end=\"1120\" data-col-size=\"sm\"><strong data-start=\"1095\" data-end=\"1112\">Belastningskapacitet<\/strong><\/td>\n<td data-col-size=\"xl\" data-start=\"1120\" data-end=\"1200\">1000 kg\/lag - 5000 kg\/lag<\/td>\n<\/tr>\n<tr data-start=\"1201\" data-end=\"1307\">\n<td data-start=\"1201\" data-end=\"1228\" data-col-size=\"sm\"><strong data-start=\"1203\" data-end=\"1224\">Overfladebehandling<\/strong><\/td>\n<td data-col-size=\"xl\" data-start=\"1228\" data-end=\"1307\">Elektrostatisk pulverlakering<\/td>\n<\/tr>\n<tr data-start=\"1308\" data-end=\"1414\">\n<td data-start=\"1308\" data-end=\"1335\" data-col-size=\"sm\"><strong data-start=\"1310\" data-end=\"1319\">Farve<\/strong><\/td>\n<td data-start=\"1335\" data-end=\"1414\" data-col-size=\"xl\">Kan tilpasses<\/td>\n<\/tr>\n<tr data-start=\"1415\" data-end=\"1521\">\n<td data-start=\"1415\" data-end=\"1442\" data-col-size=\"sm\"><strong data-start=\"1417\" data-end=\"1425\">St\u00f8rrelse<\/strong><\/td>\n<td data-col-size=\"xl\" data-start=\"1442\" data-end=\"1521\">Kan tilpasses<\/td>\n<\/tr>\n<tr data-start=\"1522\" data-end=\"1628\">\n<td data-start=\"1522\" data-end=\"1549\" data-col-size=\"sm\"><strong data-start=\"1524\" data-end=\"1546\">Emballagemateriale<\/strong><\/td>\n<td data-col-size=\"xl\" data-start=\"1549\" data-end=\"1628\">Boblefilm<\/td>\n<\/tr>\n<tr data-start=\"1629\" data-end=\"1735\">\n<td data-start=\"1629\" data-end=\"1656\" data-col-size=\"sm\"><strong data-start=\"1631\" data-end=\"1644\">Fordel<\/strong><\/td>\n<td data-col-size=\"xl\" data-start=\"1656\" data-end=\"1735\">20 \u00e5rs erfaring med produktion<\/td>\n<\/tr>\n<tr data-start=\"1736\" data-end=\"1946\">\n<td data-start=\"1736\" data-end=\"1763\" data-col-size=\"sm\"><strong data-start=\"1738\" data-end=\"1758\">S\u00e6rlige funktioner<\/strong><\/td>\n<td data-start=\"1763\" data-end=\"1946\" data-col-size=\"xl\">Antistatisk, rustfri, vandt\u00e6t, justerbar, aftagelig, milj\u00f8venlig, pladsbesparende, hurtig p\u00e5- og afl\u00e6sning. Kompatibel med st\u00e5lnetd\u00e6k, st\u00e5lpaneler eller tr\u00e6plader.<\/td>\n<\/tr>\n<tr data-start=\"1947\" data-end=\"2053\">\n<td data-start=\"1947\" data-end=\"1974\" data-col-size=\"sm\"><strong data-start=\"1949\" data-end=\"1964\">Anvendelse<\/strong><\/td>\n<td data-start=\"1974\" data-end=\"2053\" data-col-size=\"xl\">Lager og logistik, opbevaring og udstilling<\/td>\n<\/tr>\n<tr data-start=\"2054\" data-end=\"2161\">\n<td data-start=\"2054\" data-end=\"2081\" data-col-size=\"sm\"><strong data-start=\"2056\" data-end=\"2074\">St\u00f8tte til design<\/strong><\/td>\n<td data-col-size=\"xl\" data-start=\"2081\" data-end=\"2161\">2D-layoutdesign, gratis<\/td>\n<\/tr>\n<tr data-start=\"2162\" data-end=\"2268\">\n<td data-start=\"2162\" data-end=\"2189\" data-col-size=\"sm\"><strong data-start=\"2164\" data-end=\"2177\">OEM &amp; ODM<\/strong><\/td>\n<td data-col-size=\"xl\" data-start=\"2189\" data-end=\"2268\">Tilg\u00e6ngelig<\/td>\n<\/tr>\n<tr data-start=\"2269\" data-end=\"2375\">\n<td data-start=\"2269\" data-end=\"2296\" data-col-size=\"sm\"><strong data-start=\"2271\" data-end=\"2284\">Genneml\u00f8bstid<\/strong><\/td>\n<td data-col-size=\"xl\" data-start=\"2296\" data-end=\"2375\">15-25 dage<\/td>\n<\/tr>\n<tr data-start=\"2376\" data-end=\"2483\">\n<td data-start=\"2376\" data-end=\"2403\" data-col-size=\"sm\"><strong data-start=\"2378\" data-end=\"2399\">Detaljer om emballage<\/strong><\/td>\n<td data-start=\"2403\" data-end=\"2483\" data-col-size=\"xl\">Eksportstandard eller emballage, der kan tilpasses<\/td>\n<\/tr>\n<tr data-start=\"2484\" data-end=\"2590\">\n<td data-start=\"2484\" data-end=\"2511\" data-col-size=\"sm\"><strong data-start=\"2486\" data-end=\"2500\">Salgsenhed<\/strong><\/td>\n<td data-start=\"2511\" data-end=\"2590\" data-col-size=\"xl\">En enkelt genstand<\/td>\n<\/tr>\n<tr data-start=\"2591\" data-end=\"2697\">\n<td data-start=\"2591\" data-end=\"2618\" data-col-size=\"sm\"><strong data-start=\"2593\" data-end=\"2618\">Pakkens st\u00f8rrelse og v\u00e6gt<\/strong><\/td>\n<td data-start=\"2618\" data-end=\"2697\" data-col-size=\"xl\">Bestemt ud fra produktets faktiske dimensioner<\/td>\n<\/tr>\n<\/tbody>\n<\/table>\n<\/div>\n<\/div>\n<figure id=\"attachment_5309\" aria-describedby=\"caption-attachment-5309\" style=\"width: 609px\" class=\"wp-caption alignnone\"><img loading=\"lazy\" decoding=\"async\" class=\"wp-image-5309\" src=\"https:\/\/geelyracks.com\/wp-content\/uploads\/2025\/05\/Industrial-shelving-system-with-powder-coated-steel.jpg\" alt=\"Industrielt reolsystem med pulverlakeret st\u00e5l\" width=\"609\" height=\"457\" srcset=\"https:\/\/geelyracks.com\/wp-content\/uploads\/2025\/05\/Industrial-shelving-system-with-powder-coated-steel.jpg 844w, https:\/\/geelyracks.com\/wp-content\/uploads\/2025\/05\/Industrial-shelving-system-with-powder-coated-steel-300x225.jpg 300w, https:\/\/geelyracks.com\/wp-content\/uploads\/2025\/05\/Industrial-shelving-system-with-powder-coated-steel-768x576.jpg 768w, https:\/\/geelyracks.com\/wp-content\/uploads\/2025\/05\/Industrial-shelving-system-with-powder-coated-steel-16x12.jpg 16w, https:\/\/geelyracks.com\/wp-content\/uploads\/2025\/05\/Industrial-shelving-system-with-powder-coated-steel-500x375.jpg 500w, https:\/\/geelyracks.com\/wp-content\/uploads\/2025\/05\/Industrial-shelving-system-with-powder-coated-steel-800x600.jpg 800w\" sizes=\"auto, (max-width: 609px) 100vw, 609px\" \/><figcaption id=\"caption-attachment-5309\" class=\"wp-caption-text\">Industrielt reolsystem med pulverlakeret st\u00e5l<\/figcaption><\/figure>\n<p class=\"\" data-start=\"384\" data-end=\"700\"><strong data-start=\"384\" data-end=\"418\">Pallereoler med st\u00e5lnet<\/strong> er en <strong data-start=\"424\" data-end=\"472\">Robust og brugertilpasset opbevaringsl\u00f8sning<\/strong> designet til lagerbygninger, logistikcentre og industrianl\u00e6g. Fremstillet af h\u00f8jkvalitetsst\u00e5l med <strong data-start=\"576\" data-end=\"604\">Rustbeskyttende pulverlakering<\/strong>, underst\u00f8tter den op til <strong data-start=\"624\" data-end=\"644\">5000 kg pr. lag<\/strong>, Det er en sikker og pladsbesparende m\u00e5de at opbevare varer p\u00e5.<\/p>\n<p class=\"\" data-start=\"702\" data-end=\"1072\">Denne <strong data-start=\"707\" data-end=\"741\">Pallereoler med st\u00e5lnet<\/strong> Systemet er nemt at installere, har en meget justerbar struktur og f\u00e5s i flere lag og st\u00f8rrelser. Det er ideelt til industrier, der kr\u00e6ver <strong data-start=\"884\" data-end=\"930\">effektive reoll\u00f8sninger med h\u00f8j kapacitet<\/strong> med hurtig ind- og udlagring. Reolen kan udstyres med st\u00e5lnet, st\u00e5lpaneler eller tr\u00e6plader for skr\u00e6ddersyet funktionalitet.<\/p>\n<p class=\"\" data-start=\"1074\" data-end=\"1331\">Med over <strong data-start=\"1084\" data-end=\"1124\">20 \u00e5rs erfaring med produktion<\/strong>, leverer Geelyracks <strong data-start=\"1146\" data-end=\"1166\">OEM\/ODM-tjenester<\/strong>, gratis 2D-design og p\u00e5lidelig eksportemballage. Dette produkt sikrer fremragende ydeevne i <strong data-start=\"1261\" data-end=\"1320\">Logistik, lager, produktion og distribution<\/strong> sektorer.<\/p>\n<p class=\"\" data-start=\"1333\" data-end=\"1447\">V\u00e6lg <strong data-start=\"1340\" data-end=\"1385\">Geelyracks pallereoler med st\u00e5lnetbj\u00e6lke<\/strong> for at optimere dit lagersystem og reducere driftsomkostningerne.<\/p>\n<h3 class=\"\" data-start=\"1326\" data-end=\"1373\">\ud83d\udee0\ufe0f <strong data-start=\"1334\" data-end=\"1373\">Skr\u00e6ddersyet opbevaring til alle brancher<\/strong><\/h3>\n<p class=\"\" data-start=\"1375\" data-end=\"1590\">Uanset om du er i <strong data-start=\"1393\" data-end=\"1463\">Bilindustrien, medicinalindustrien, detailhandel, e-handel, f\u00f8devaredistribution<\/strong>, eller <strong data-start=\"1468\" data-end=\"1496\">industriel fremstilling<\/strong>, vores reolsystemer kan v\u00e6re <strong data-start=\"1525\" data-end=\"1589\">tilpasset dine SKU'er, dit rumlayout og dine driftsbehov<\/strong>.<\/p>\n<p class=\"\" data-start=\"1592\" data-end=\"1673\">Vi arbejder t\u00e6t sammen med dit team for at levere <strong data-start=\"1634\" data-end=\"1667\">optimerede lagerl\u00f8sninger<\/strong> det:<\/p>\n<ul data-start=\"1674\" data-end=\"1833\">\n<li class=\"\" data-start=\"1674\" data-end=\"1706\">\n<p class=\"\" data-start=\"1676\" data-end=\"1706\">Forbedre synligheden af lagerbeholdningen<\/p>\n<\/li>\n<li class=\"\" data-start=\"1707\" data-end=\"1739\">\n<p class=\"\" data-start=\"1709\" data-end=\"1739\">Hurtigere af- og p\u00e5l\u00e6sning<\/p>\n<\/li>\n<li class=\"\" data-start=\"1740\" data-end=\"1785\">\n<p class=\"\" data-start=\"1742\" data-end=\"1785\">Spar lagerplads og reducer arbejdsomkostningerne<\/p>\n<\/li>\n<li class=\"\" data-start=\"1786\" data-end=\"1833\">\n<p class=\"\" data-start=\"1788\" data-end=\"1833\">Overholder dine sikkerheds- og kvalitetsstandarder<\/p>\n<\/li>\n<\/ul>\n<h3 class=\"\" data-start=\"1840\" data-end=\"1890\">\ud83d\udcd0 Gratis 2D-layoutdesign og ekspertkonsultation<\/h3>\n<p class=\"\" data-start=\"1892\" data-end=\"2104\">Vi tilbyder <strong data-start=\"1901\" data-end=\"1934\">gratis design af lagerlayout<\/strong>, st\u00f8ttet af erfarne ingeni\u00f8rer. Bare send os din plantegning og dine krav - s\u00e5 vender vi tilbage med en <strong data-start=\"2035\" data-end=\"2067\">Skr\u00e6ddersyet reol-l\u00f8sning<\/strong> der passer til dit budget og din tidslinje.<\/p>\n<p data-start=\"1333\" data-end=\"1447\"><a href=\"https:\/\/geelyracks.com\/da\/faq\/\">OFTE STILLEDE SP\u00d8RGSM\u00c5L<\/a><\/p>","protected":false},"excerpt":{"rendered":"<p><strong data-start=\"1624\" data-end=\"1669\">Pallereoler med kraftige st\u00e5lgitterbj\u00e6lker<\/strong> med tilpassede st\u00f8rrelser, flerlagsdesign og op til 5000 kg pr. lag - perfekt til lager- og logistikopbevaring.<\/p>","protected":false},"featured_media":5309,"template":"","meta":[],"product_brand":[],"product_cat":[166,145],"product_tag":[],"class_list":{"0":"post-5305","1":"product","2":"type-product","3":"status-publish","4":"has-post-thumbnail","6":"product_cat-beam-type-racking","7":"product_cat-pallet-racking","9":"first","10":"instock","11":"shipping-taxable","12":"product-type-simple"},"ct_brands":[],"_links":{"self":[{"href":"https:\/\/geelyracks.com\/da\/wp-json\/wp\/v2\/product\/5305","targetHints":{"allow":["GET"]}}],"collection":[{"href":"https:\/\/geelyracks.com\/da\/wp-json\/wp\/v2\/product"}],"about":[{"href":"https:\/\/geelyracks.com\/da\/wp-json\/wp\/v2\/types\/product"}],"version-history":[{"count":0,"href":"https:\/\/geelyracks.com\/da\/wp-json\/wp\/v2\/product\/5305\/revisions"}],"wp:featuredmedia":[{"embeddable":true,"href":"https:\/\/geelyracks.com\/da\/wp-json\/wp\/v2\/media\/5309"}],"wp:attachment":[{"href":"https:\/\/geelyracks.com\/da\/wp-json\/wp\/v2\/media?parent=5305"}],"wp:term":[{"taxonomy":"product_brand","embeddable":true,"href":"https:\/\/geelyracks.com\/da\/wp-json\/wp\/v2\/product_brand?post=5305"},{"taxonomy":"product_cat","embeddable":true,"href":"https:\/\/geelyracks.com\/da\/wp-json\/wp\/v2\/product_cat?post=5305"},{"taxonomy":"product_tag","embeddable":true,"href":"https:\/\/geelyracks.com\/da\/wp-json\/wp\/v2\/product_tag?post=5305"}],"curies":[{"name":"wp","href":"https:\/\/api.w.org\/{rel}","templated":true}]}}