{"id":3843,"date":"2025-03-19T18:52:32","date_gmt":"2025-03-19T18:52:32","guid":{"rendered":"https:\/\/geelyracks.com\/?page_id=3843"},"modified":"2025-05-19T09:36:40","modified_gmt":"2025-05-19T09:36:40","slug":"cases","status":"publish","type":"page","link":"https:\/\/geelyracks.com\/da\/cases\/","title":{"rendered":"Sager"},"content":{"rendered":"<div data-elementor-type=\"wp-page\" data-elementor-id=\"3843\" class=\"elementor elementor-3843\" data-elementor-post-type=\"page\">\n\t\t\t\t\t\t<section class=\"elementor-section elementor-top-section elementor-element elementor-element-799e353e ct-section-stretched elementor-section-boxed elementor-section-height-default elementor-section-height-default\" data-id=\"799e353e\" data-element_type=\"section\" data-e-type=\"section\" data-settings=\"{&quot;background_background&quot;:&quot;classic&quot;,&quot;shape_divider_bottom&quot;:&quot;tilt&quot;}\">\n\t\t\t\t\t\t\t<div class=\"elementor-background-overlay\"><\/div>\n\t\t\t\t\t\t<div class=\"elementor-shape elementor-shape-bottom\" aria-hidden=\"true\" data-negative=\"false\">\n\t\t\t<svg xmlns=\"http:\/\/www.w3.org\/2000\/svg\" viewbox=\"0 0 1000 100\" preserveaspectratio=\"none\">\n\t<path class=\"elementor-shape-fill\" d=\"M0,6V0h1000v100L0,6z\"\/>\n<\/svg>\t\t<\/div>\n\t\t\t\t\t<div class=\"elementor-container elementor-column-gap-wider\">\n\t\t\t\t\t<div class=\"elementor-column elementor-col-50 elementor-top-column elementor-element elementor-element-2353b3e8\" data-id=\"2353b3e8\" data-element_type=\"column\" data-e-type=\"column\">\n\t\t\t<div class=\"elementor-widget-wrap elementor-element-populated\">\n\t\t\t\t\t\t<div class=\"elementor-element elementor-element-247318 elementor-widget elementor-widget-heading\" data-id=\"247318\" data-element_type=\"widget\" data-e-type=\"widget\" data-widget_type=\"heading.default\">\n\t\t\t\t<div class=\"elementor-widget-container\">\n\t\t\t\t\t<h2 class=\"elementor-heading-title elementor-size-default\">Customer Cases\n<\/h2>\t\t\t\t<\/div>\n\t\t\t\t<\/div>\n\t\t\t\t<div class=\"elementor-element elementor-element-79b78482 elementor-widget elementor-widget-shortcode\" data-id=\"79b78482\" data-element_type=\"widget\" data-e-type=\"widget\" data-widget_type=\"shortcode.default\">\n\t\t\t\t<div class=\"elementor-widget-container\">\n\t\t\t\t\t\t\t<div class=\"elementor-shortcode\"><\/div>\n\t\t\t\t\t\t<\/div>\n\t\t\t\t<\/div>\n\t\t\t\t<div class=\"elementor-element elementor-element-e9658a1 elementor-widget elementor-widget-heading\" data-id=\"e9658a1\" data-element_type=\"widget\" data-e-type=\"widget\" data-widget_type=\"heading.default\">\n\t\t\t\t<div class=\"elementor-widget-container\">\n\t\t\t\t\t<h2 class=\"elementor-heading-title elementor-size-default\">Customer case summary: From space revolution to efficiency leap\n6 major industries | 2700+ successful practices | Global delivery capabilities<\/h2>\t\t\t\t<\/div>\n\t\t\t\t<\/div>\n\t\t\t\t<div class=\"elementor-element elementor-element-6553dc74 elementor-widget elementor-widget-button\" data-id=\"6553dc74\" data-element_type=\"widget\" data-e-type=\"widget\" data-widget_type=\"button.default\">\n\t\t\t\t<div class=\"elementor-widget-container\">\n\t\t\t\t\t\t\t\t\t<div class=\"elementor-button-wrapper\">\n\t\t\t\t\t<a class=\"elementor-button elementor-button-link elementor-size-sm elementor-animation-float\" href=\"https:\/\/geelyracks.com\/da\/products\/\">\n\t\t\t\t\t\t<span class=\"elementor-button-content-wrapper\">\n\t\t\t\t\t\t<span class=\"elementor-button-icon\">\n\t\t\t\t<i aria-hidden=\"true\" class=\"far fa-caret-square-right\"><\/i>\t\t\t<\/span>\n\t\t\t\t\t\t\t\t\t<span class=\"elementor-button-text\">Se lagerreoler<\/span>\n\t\t\t\t\t<\/span>\n\t\t\t\t\t<\/a>\n\t\t\t\t<\/div>\n\t\t\t\t\t\t\t\t<\/div>\n\t\t\t\t<\/div>\n\t\t\t\t\t<\/div>\n\t\t<\/div>\n\t\t\t\t<div class=\"elementor-column elementor-col-50 elementor-top-column elementor-element elementor-element-5e5535bd\" data-id=\"5e5535bd\" data-element_type=\"column\" data-e-type=\"column\">\n\t\t\t<div class=\"elementor-widget-wrap elementor-element-populated\">\n\t\t\t\t\t\t\t<\/div>\n\t\t<\/div>\n\t\t\t\t\t<\/div>\n\t\t<\/section>\n\t\t<div class=\"elementor-element elementor-element-8d71da2 e-flex e-con-boxed e-con e-parent\" data-id=\"8d71da2\" data-element_type=\"container\" data-e-type=\"container\">\n\t\t\t\t\t<div class=\"e-con-inner\">\n\t\t<div class=\"elementor-element elementor-element-944bd27 e-con-full e-flex e-con e-child\" data-id=\"944bd27\" data-element_type=\"container\" data-e-type=\"container\">\n\t\t\t\t<div class=\"elementor-element elementor-element-7971e55 elementor-widget elementor-widget-html\" data-id=\"7971e55\" data-element_type=\"widget\" data-e-type=\"widget\" data-widget_type=\"html.default\">\n\t\t\t\t<div class=\"elementor-widget-container\">\n\t\t\t\t\t<!DOCTYPE html><html lang=\"en\"><head><meta charset=\"UTF-8\"><meta name=\"viewport\" content=\"width=device-width,initial-scale=1\"><meta name=\"description\" content=\"Kundeudtalelser om Jili warehouse solutions\"><style>.tc{height:180px;overflow:hidden;background:#fff;position:relative}.ts{animation:s 25s linear infinite;will-change:transform}@keyframes s{0%{transform:translateY(0)}to{transform:translateY(-68%)}}.ti{height:180px;display:flex;flex-direction:column;justify-content:center;max-width:700px;margin:0 auto;padding:6px 12px}blockquote{font:13px\/1.3 Arial,sans-serif;color:#111;margin:0 0 4px;quotes:\"\u201c\"}\"blockquote::before{content:open-quote;font-size:20px;vertical-align:-3px}cite{font:italic 11px\/1.3 Georgia,serif;color:#444;padding-left:14px;position:relative}cite::before{content:\"\u2014\";position:absolute;left:-2px}@media (max-width:640px){.tc{height:160px}.ti{height:160px}}<\/style><\/head><body>\r\n<section class=\"tc\" aria-label=\"Kundeudtalelser\"><div class=\"ts\">\r\n<div class=\"ti\"><blockquote>Vi stod over for et budget p\u00e5 1,8 mio. euro til opf\u00f8relse af et nyt lager, indtil Jilis mezzaninreol-l\u00f8sning sparede 85% i omkostninger og samtidig \u00f8gede lagerkapaciteten med 175%. Nu kan vi hente dele til vores BMW-produktionslinje p\u00e5 under 3 minutter - en effektivitetsgevinst p\u00e5 70%!<\/blockquote><cite>Michael Bauer, logistikchef hos en tysk bilproducent, 2023<\/cite><\/div>\r\n<div class=\"ti\"><blockquote>Jili's temperaturstyrede shuttle-system opn\u00e5ede 100% EU GDP-overholdelse for vores vaccinelager. Energiomkostningerne faldt med 32%, og forberedelsestiden til audit blev halveret. En game-changer for vores anl\u00e6g i Basel!<\/blockquote><cite>Dr. Sophie M\u00fcller, leder af Cold Chain Operations, Swiss Pharma Group, 2024<\/cite><\/div>\r\n<div class=\"ti\"><blockquote>Under Black Friday h\u00e5ndterede Jilis 4-vejs shuttle-system 22.000 ordrer i timen - det tredobbelte af vores tidligere kapacitet. Omkostningerne til returnering faldt med 61%, og vi undgik \u00a3650k i s\u00e6sonbetingede vikarans\u00e6ttelser.<\/blockquote><cite>Emma Carter, COO, London-baseret e-handel med mode, 2023<\/cite><\/div>\r\n<div class=\"ti\"><blockquote>Ingen nedetid i vores h\u00f8js\u00e6son! Jili's trinvise eftermontering af brugte pallereoler \u00f8gede lagert\u00e6theden med 140%, samtidig med at HACCP-overholdelsen blev opretholdt med 100%. Vores lager i Bordeaux fungerer nu 24\/7 uden afbrydelser.<\/blockquote><cite>Jacques Lef\u00e8vre, lagerchef, fransk vindistribut\u00f8r, 2024<\/cite><\/div>\r\n<div class=\"ti\"><blockquote>Det var et mareridt at opbevare vindm\u00f8llevinger sikkert. Jilis udkragede stativer med AI-drevet kollisionsforebyggelse reducerede afhentningstiden med 55% og reducerede forsikringspr\u00e6mierne med $280k \u00e5rligt. OSHA-revisorer roste sikkerhedsinnovationerne.<\/blockquote><cite>Sarah Johnson, vicedirekt\u00f8r for drift, Texas Wind Energy Co, 2023<\/cite><\/div>\r\n<\/div><\/section><\/body><\/html>\t\t\t\t<\/div>\n\t\t\t\t<\/div>\n\t\t\t\t<\/div>\n\t\t\t\t\t<\/div>\n\t\t\t\t<\/div>\n\t\t<div class=\"elementor-element elementor-element-e68f635 e-flex e-con-boxed e-con e-parent\" data-id=\"e68f635\" data-element_type=\"container\" data-e-type=\"container\">\n\t\t\t\t\t<div class=\"e-con-inner\">\n\t\t<div class=\"elementor-element elementor-element-222f962 e-con-full e-flex e-con e-child\" data-id=\"222f962\" data-element_type=\"container\" data-e-type=\"container\">\n\t\t\t\t<div class=\"elementor-element elementor-element-4ce2b34 elementor-widget elementor-widget-text-editor\" data-id=\"4ce2b34\" data-element_type=\"widget\" data-e-type=\"widget\" data-widget_type=\"text-editor.default\">\n\t\t\t\t<div class=\"elementor-widget-container\">\n\t\t\t\t\t\t\t\t\t<h2>6 major industries | 2700+ successful practices | Global delivery capabilities<\/h2><table><thead><tr><th><strong>No.<\/strong><\/th><th>\u200b<strong>Metric<\/strong><\/th><th>Automotive Parts Case<\/th><th>E-commerce Logistics Case<\/th><th>Pharma Cold Chain Case<\/th><th>\u200b<strong>Industry Average<\/strong><\/th><\/tr><\/thead><tbody><tr><td>1.1<\/td><td>Storage Density Increase<\/td><td>178%<\/td><td>220%<\/td><td>155%<\/td><td>\u200b<strong>184%\u200b<\/strong><\/td><\/tr><tr><td>1.2<\/td><td>Order Processing Speed<\/td><td>+55% (18\u219228 orders\/person\/hr)<\/td><td>+78% (3.2k\u21925.7k orders\/hr)<\/td><td>+63% (Cold Storage Throughput)<\/td><td>\u200b**+65%\u200b**<\/td><\/tr><tr><td>1.3<\/td><td>Error Rate Reduction<\/td><td>Picking Errors \u219382%<\/td><td>Order Defects \u219392%<\/td><td>Temp. Deviation \u2193100%<\/td><td>\u200b**\u219391%\u200b**<\/td><\/tr><tr><td>1.4<\/td><td>ROI Period<\/td><td>6 months<\/td><td>8 months<\/td><td>12 months<\/td><td>\u200b<strong>9 months<\/strong><\/td><\/tr><\/tbody><\/table>\t\t\t\t\t\t\t\t<\/div>\n\t\t\t\t<\/div>\n\t\t\t\t<\/div>\n\t\t\t\t\t<\/div>\n\t\t\t\t<\/div>\n\t\t<div class=\"elementor-element elementor-element-3105fb26 e-flex e-con-boxed e-con e-parent\" data-id=\"3105fb26\" data-element_type=\"container\" data-e-type=\"container\">\n\t\t\t\t\t<div class=\"e-con-inner\">\n\t\t<div class=\"elementor-element elementor-element-162afb5d e-grid e-con-full e-con e-child\" data-id=\"162afb5d\" data-element_type=\"container\" data-e-type=\"container\">\n\t\t\t\t<\/div>\n\t\t\t\t\t<\/div>\n\t\t\t\t<\/div>\n\t\t<div class=\"elementor-element elementor-element-0c71d73 e-flex e-con-boxed e-con e-parent\" data-id=\"0c71d73\" data-element_type=\"container\" data-e-type=\"container\">\n\t\t\t\t\t<div class=\"e-con-inner\">\n\t\t<div class=\"elementor-element elementor-element-e6e0ac5 e-grid e-con-full e-con e-child\" data-id=\"e6e0ac5\" data-element_type=\"container\" data-e-type=\"container\">\n\t\t\t\t<\/div>\n\t\t\t\t\t<\/div>\n\t\t\t\t<\/div>\n\t\t<div class=\"elementor-element elementor-element-fb5be9b e-flex e-con-boxed e-con e-parent\" data-id=\"fb5be9b\" data-element_type=\"container\" data-e-type=\"container\">\n\t\t\t\t\t<div class=\"e-con-inner\">\n\t\t<div class=\"elementor-element elementor-element-bb272d4 e-con-full e-flex e-con e-child\" data-id=\"bb272d4\" data-element_type=\"container\" data-e-type=\"container\">\n\t\t<div class=\"elementor-element elementor-element-2bcafde e-con-full e-flex e-con e-child\" data-id=\"2bcafde\" data-element_type=\"container\" data-e-type=\"container\">\n\t\t\t\t<div class=\"elementor-element elementor-element-c90b8a3 elementor-widget elementor-widget-heading\" data-id=\"c90b8a3\" data-element_type=\"widget\" data-e-type=\"widget\" data-widget_type=\"heading.default\">\n\t\t\t\t<div class=\"elementor-widget-container\">\n\t\t\t\t\t<h2 class=\"elementor-heading-title elementor-size-default\">\"Det er tid til at opgradere dit lager! Sig farvel til arealangst, og spar millioner af kroner med denne smarte udvidelsesl\u00f8sning.\"<\/h2>\t\t\t\t<\/div>\n\t\t\t\t<\/div>\n\t\t\t\t<div class=\"elementor-element elementor-element-0684446 elementor-widget__width-initial elementor-widget elementor-widget-text-editor\" data-id=\"0684446\" data-element_type=\"widget\" data-e-type=\"widget\" data-widget_type=\"text-editor.default\">\n\t\t\t\t<div class=\"elementor-widget-container\">\n\t\t\t\t\t\t\t\t\t<p>\u201dMens dine konkurrenter stadig beregner jordomkostningerne for nye lagerbygninger, har du opn\u00e5et f\u00f8lgende gennem <a href=\"https:\/\/geelyracks.com\/da\/\"><span style=\"text-decoration: underline;\">geelyracks's<\/span><\/a> l\u00f8sning til rekonstruktion af rummet:<br \/>\u2713 Lagert\u00e6thed \u00f8get med 184%<br \/>\u2713 Driftsomkostninger reduceret med 37%<br \/>\u2713 Ordreudf\u00f8relseshastigheden steg med 65%<br \/>Alt dette uden at skulle flytte eller lukke ned.\u201d<\/p>\t\t\t\t\t\t\t\t<\/div>\n\t\t\t\t<\/div>\n\t\t<div class=\"elementor-element elementor-element-1a6fda5 e-con-full elementor-hidden-tablet elementor-hidden-mobile e-flex e-con e-child\" data-id=\"1a6fda5\" data-element_type=\"container\" data-e-type=\"container\" data-settings=\"{&quot;background_background&quot;:&quot;classic&quot;}\">\n\t\t\t\t<div class=\"elementor-element elementor-element-18ef586 elementor-widget elementor-widget-image\" data-id=\"18ef586\" data-element_type=\"widget\" data-e-type=\"widget\" data-widget_type=\"image.default\">\n\t\t\t\t<div class=\"elementor-widget-container\">\n\t\t\t\t\t\t\t\t\t\t\t\t\t\t\t<img decoding=\"async\" src=\"https:\/\/startersites.io\/elementor\/furniture\/wp-content\/uploads\/2024\/05\/home-avatar-1.webp\" title=\"\" alt=\"\" loading=\"lazy\" \/>\t\t\t\t\t\t\t\t\t\t\t\t\t\t\t<\/div>\n\t\t\t\t<\/div>\n\t\t\t\t<div class=\"elementor-element elementor-element-55a624a elementor-widget elementor-widget-image\" data-id=\"55a624a\" data-element_type=\"widget\" data-e-type=\"widget\" data-widget_type=\"image.default\">\n\t\t\t\t<div class=\"elementor-widget-container\">\n\t\t\t\t\t\t\t\t\t\t\t\t\t\t\t<img decoding=\"async\" src=\"https:\/\/startersites.io\/elementor\/furniture\/wp-content\/uploads\/2024\/05\/home-avatar-2.webp\" title=\"\" alt=\"\" loading=\"lazy\" \/>\t\t\t\t\t\t\t\t\t\t\t\t\t\t\t<\/div>\n\t\t\t\t<\/div>\n\t\t\t\t<div class=\"elementor-element elementor-element-cd66750 elementor-widget elementor-widget-image\" data-id=\"cd66750\" data-element_type=\"widget\" data-e-type=\"widget\" data-widget_type=\"image.default\">\n\t\t\t\t<div class=\"elementor-widget-container\">\n\t\t\t\t\t\t\t\t\t\t\t\t\t\t\t<img decoding=\"async\" src=\"https:\/\/startersites.io\/elementor\/furniture\/wp-content\/uploads\/2024\/05\/home-avatar-3.webp\" title=\"\" alt=\"\" loading=\"lazy\" \/>\t\t\t\t\t\t\t\t\t\t\t\t\t\t\t<\/div>\n\t\t\t\t<\/div>\n\t\t\t\t<div class=\"elementor-element elementor-element-ce49e4a elementor-widget elementor-widget-text-editor\" data-id=\"ce49e4a\" data-element_type=\"widget\" data-e-type=\"widget\" data-widget_type=\"text-editor.default\">\n\t\t\t\t<div class=\"elementor-widget-container\">\n\t\t\t\t\t\t\t\t\t<p><strong>Kontakt vores ekspert<\/strong><\/p>\t\t\t\t\t\t\t\t<\/div>\n\t\t\t\t<\/div>\n\t\t\t\t<\/div>\n\t\t\t\t<div class=\"elementor-element elementor-element-e6bf843 elementor-widget elementor-widget-button\" data-id=\"e6bf843\" data-element_type=\"widget\" data-e-type=\"widget\" data-widget_type=\"button.default\">\n\t\t\t\t<div class=\"elementor-widget-container\">\n\t\t\t\t\t\t\t\t\t<div class=\"elementor-button-wrapper\">\n\t\t\t\t\t<a class=\"elementor-button elementor-button-link elementor-size-sm elementor-animation-grow\" href=\"https:\/\/geelyracks.com\/da\/contact-us\/\">\n\t\t\t\t\t\t<span class=\"elementor-button-content-wrapper\">\n\t\t\t\t\t\t\t\t\t<span class=\"elementor-button-text\">F\u00e5 din l\u00f8sning nu \u2192.<\/span>\n\t\t\t\t\t<\/span>\n\t\t\t\t\t<\/a>\n\t\t\t\t<\/div>\n\t\t\t\t\t\t\t\t<\/div>\n\t\t\t\t<\/div>\n\t\t\t\t<\/div>\n\t\t\t\t<\/div>\n\t\t<div class=\"elementor-element elementor-element-5255082 e-con-full e-flex e-con e-child\" data-id=\"5255082\" data-element_type=\"container\" data-e-type=\"container\">\n\t\t\t\t<div class=\"elementor-element elementor-element-940ed9a elementor-widget elementor-widget-image\" data-id=\"940ed9a\" data-element_type=\"widget\" data-e-type=\"widget\" data-widget_type=\"image.default\">\n\t\t\t\t<div class=\"elementor-widget-container\">\n\t\t\t\t\t\t\t\t\t\t\t\t\t\t\t<img loading=\"lazy\" decoding=\"async\" width=\"2560\" height=\"2560\" src=\"https:\/\/geelyracks.com\/wp-content\/uploads\/2025\/03\/Warshause-logistics_11zon-1-scaled.webp\" class=\"attachment-full size-full wp-image-3775\" alt=\"Warshause logistik\" srcset=\"https:\/\/geelyracks.com\/wp-content\/uploads\/2025\/03\/Warshause-logistics_11zon-1-scaled.webp 2560w, https:\/\/geelyracks.com\/wp-content\/uploads\/2025\/03\/Warshause-logistics_11zon-1-300x300.webp 300w, https:\/\/geelyracks.com\/wp-content\/uploads\/2025\/03\/Warshause-logistics_11zon-1-1024x1024.webp 1024w, https:\/\/geelyracks.com\/wp-content\/uploads\/2025\/03\/Warshause-logistics_11zon-1-150x150.webp 150w, https:\/\/geelyracks.com\/wp-content\/uploads\/2025\/03\/Warshause-logistics_11zon-1-768x768.webp 768w, https:\/\/geelyracks.com\/wp-content\/uploads\/2025\/03\/Warshause-logistics_11zon-1-1536x1536.webp 1536w, https:\/\/geelyracks.com\/wp-content\/uploads\/2025\/03\/Warshause-logistics_11zon-1-2048x2048.webp 2048w, https:\/\/geelyracks.com\/wp-content\/uploads\/2025\/03\/Warshause-logistics_11zon-1-12x12.webp 12w, https:\/\/geelyracks.com\/wp-content\/uploads\/2025\/03\/Warshause-logistics_11zon-1-500x500.webp 500w, https:\/\/geelyracks.com\/wp-content\/uploads\/2025\/03\/Warshause-logistics_11zon-1-800x800.webp 800w\" sizes=\"auto, (max-width: 2560px) 100vw, 2560px\" \/>\t\t\t\t\t\t\t\t\t\t\t\t\t\t\t<\/div>\n\t\t\t\t<\/div>\n\t\t\t\t<\/div>\n\t\t\t\t\t<\/div>\n\t\t\t\t<\/div>\n\t\t<div class=\"elementor-element elementor-element-7bf70bc9 e-flex e-con-boxed e-con e-parent\" data-id=\"7bf70bc9\" data-element_type=\"container\" data-e-type=\"container\">\n\t\t\t\t\t<div class=\"e-con-inner\">\n\t\t\t\t\t<\/div>\n\t\t\t\t<\/div>\n\t\t\t\t<\/div>","protected":false},"excerpt":{"rendered":"<p>Customer Cases Customer case summary: From space revolution to efficiency leap 6 major industries | 2700+ successful practices | Global delivery capabilities View warehouse racks We faced a \u20ac1.8M budget for new warehouse construction until Jili\u2019s mezzanine racking solution saved 85% costs while increasing storage capacity by 175%. Now our BMW production line parts are [&hellip;]<\/p>\n","protected":false},"author":1,"featured_media":0,"parent":0,"menu_order":0,"comment_status":"closed","ping_status":"closed","template":"","meta":{"footnotes":""},"class_list":["post-3843","page","type-page","status-publish","hentry"],"blocksy_meta":[],"_links":{"self":[{"href":"https:\/\/geelyracks.com\/da\/wp-json\/wp\/v2\/pages\/3843","targetHints":{"allow":["GET"]}}],"collection":[{"href":"https:\/\/geelyracks.com\/da\/wp-json\/wp\/v2\/pages"}],"about":[{"href":"https:\/\/geelyracks.com\/da\/wp-json\/wp\/v2\/types\/page"}],"author":[{"embeddable":true,"href":"https:\/\/geelyracks.com\/da\/wp-json\/wp\/v2\/users\/1"}],"replies":[{"embeddable":true,"href":"https:\/\/geelyracks.com\/da\/wp-json\/wp\/v2\/comments?post=3843"}],"version-history":[{"count":0,"href":"https:\/\/geelyracks.com\/da\/wp-json\/wp\/v2\/pages\/3843\/revisions"}],"wp:attachment":[{"href":"https:\/\/geelyracks.com\/da\/wp-json\/wp\/v2\/media?parent=3843"}],"curies":[{"name":"wp","href":"https:\/\/api.w.org\/{rel}","templated":true}]}}